{"id":12233,"date":"2019-03-06T16:38:59","date_gmt":"2019-03-06T16:38:59","guid":{"rendered":"https:\/\/grace-asso.fr\/what-is-eras"},"modified":"2019-03-29T15:12:39","modified_gmt":"2019-03-29T15:12:39","slug":"what-is-erp","status":"publish","type":"page","link":"https:\/\/grace-asso.fr\/en\/what-is-erp","title":{"rendered":"What is ERP?"},"content":{"rendered":"<h2>Understanding ERP<\/h2>\n<p>ERP is a modern concept of care developed initially in the 90\u2019s by some Scandinavian teams. It is a group of pre, intra and postoperative measures aiming to reduce the surgical stress. There is no contra-indication to ERPs, but a tailored approach according to the context of care and the patient\u2019s conditions.\u00a0(<a href=\"https:\/\/grace-asso.fr\/en\/videos\" target=\"_blank\" rel=\"noopener\">See the infography<\/a>)<\/p>\n<p>ERPs are followed in the majority of cases by a <strong>better postoperative recovery<\/strong>, <strong>lower overall morbidity<\/strong>, and consequently a <strong>shorter hospital stay<\/strong>.<\/p>\n<p>ERPs involve an <strong>organisational<\/strong> chapter (which is similar to that of ambulatory or day-case surgery). The <strong>patient<\/strong> is a major <strong>actor<\/strong> of his own care, and the <strong>team spirit<\/strong> is of paramount importance. The audit of practices is also a component of the programme. Finally, because of the early discharge, the risk management is also essential. The ERP concept includes both the preoperative preparation (the prehabilitation) and the post-discharge surveillance.<br \/>\nERP is <strong>beneficial<\/strong> to the patients (less morbidity and better recovery), the teams (team spirit) and the society.<\/p>\n<h2><a href=\"https:\/\/grace-asso.fr\/wp-content\/uploads\/2019\/03\/RAC_illustration_en-2.jpg\"><img loading=\"lazy\" decoding=\"async\" class=\"wp-image-12758 size-medium aligncenter\" src=\"https:\/\/grace-asso.fr\/wp-content\/uploads\/2019\/03\/RAC_illustration_en-2-255x300.jpg\" alt=\"\" width=\"255\" height=\"300\" srcset=\"https:\/\/grace-asso.fr\/wp-content\/uploads\/2019\/03\/RAC_illustration_en-2-255x300.jpg 255w, https:\/\/grace-asso.fr\/wp-content\/uploads\/2019\/03\/RAC_illustration_en-2-362x428.jpg 362w, https:\/\/grace-asso.fr\/wp-content\/uploads\/2019\/03\/RAC_illustration_en-2.jpg 425w\" sizes=\"auto, (max-width: 255px) 100vw, 255px\" \/><\/a><\/h2>\n<h6 style=\"text-align: center;\"><em>Reference\u00a0: K. Slim La r\u00e9habilitation am\u00e9lior\u00e9e apr\u00e8s chirurgie, \u00e9d. Elsevier 2018<\/em><\/h6>\n<h2>The principles of enhanced recovery<\/h2>\n<p>Enhanced recovery (or fast-track surgery) is a set of measures taken before, during and after surgery aimed at reducing the stress of surgical trauma.<br \/>\nIt is based on three key principles:<\/p>\n<ul>\n<li>the scientific basis of all the measures applied,<\/li>\n<li>the development of team spirit among the caregivers (each within their respective area),<\/li>\n<li>the participation of the patient who becomes a central actor in their own care pathway.<\/li>\n<\/ul>\n<p>Furthermore, the fast recovery method concerns the many different specialists involved in the care of a patient: anaesthetists, surgeons, nutritionists, nurses, nursing auxiliaries, physiotherapists, administrative personnel, in both the public and private sector.<\/p>\n<h2>Team work<\/h2>\n<p>Caring for patients under the best conditions and ensuring better postoperative convalescence are the main priorities throughout the hospital stay. The whole team are united around the patient to ensure the success of this enhanced recovery.<br \/>\nThe participation and compliance of the patient are vital to the success of this management approach, the aim of which is to improve the quality of care and reduce the effects of surgical injury.<\/p>\n<h2>Scientific basis<\/h2>\n<p>All the practices diffused by GRACE have been the subject of extensive scientific studies which have proved their efficacy and validated the patient management protocols. The result of these rehabilitation procedures is a reduction in postoperative complications and a shorter duration of convalescence.<\/p>\n","protected":false},"excerpt":{"rendered":"<p>Understanding ERP ERP is a modern concept of care developed initially in the 90\u2019s by some Scandinavian teams. It is a group of pre, intra and postoperative measures aiming to reduce the surgical stress. There is no contra-indication to ERPs, but a tailored approach according to the context of care and the patient\u2019s conditions.\u00a0(See the<\/p>\n","protected":false},"author":8,"featured_media":0,"parent":0,"menu_order":0,"comment_status":"closed","ping_status":"closed","template":"","meta":{"_acf_changed":false,"_seopress_robots_primary_cat":"","_seopress_titles_title":"","_seopress_titles_desc":"","_seopress_robots_index":"","footnotes":""},"class_list":["post-12233","page","type-page","status-publish","hentry"],"acf":[],"rttpg_featured_image_url":null,"rttpg_author":{"display_name":"Grace","author_link":"https:\/\/grace-asso.fr\/en\/author\/knoe"},"rttpg_comment":0,"rttpg_category":" <a href=\"https:\/\/grace-asso.fr\/en?taxonomy=translation_priority&#038;term=optional\" rel=\"tag\">Optional<\/a>","rttpg_excerpt":"Understanding ERP ERP is a modern concept of care developed initially in the 90\u2019s by some Scandinavian teams. It is a group of pre, intra and postoperative measures aiming to reduce the surgical stress. There is no contra-indication to ERPs, but a tailored approach according to the context of care and the patient\u2019s conditions.\u00a0(See the","_links":{"self":[{"href":"https:\/\/grace-asso.fr\/en\/wp-json\/wp\/v2\/pages\/12233","targetHints":{"allow":["GET"]}}],"collection":[{"href":"https:\/\/grace-asso.fr\/en\/wp-json\/wp\/v2\/pages"}],"about":[{"href":"https:\/\/grace-asso.fr\/en\/wp-json\/wp\/v2\/types\/page"}],"author":[{"embeddable":true,"href":"https:\/\/grace-asso.fr\/en\/wp-json\/wp\/v2\/users\/8"}],"replies":[{"embeddable":true,"href":"https:\/\/grace-asso.fr\/en\/wp-json\/wp\/v2\/comments?post=12233"}],"version-history":[{"count":6,"href":"https:\/\/grace-asso.fr\/en\/wp-json\/wp\/v2\/pages\/12233\/revisions"}],"predecessor-version":[{"id":12760,"href":"https:\/\/grace-asso.fr\/en\/wp-json\/wp\/v2\/pages\/12233\/revisions\/12760"}],"wp:attachment":[{"href":"https:\/\/grace-asso.fr\/en\/wp-json\/wp\/v2\/media?parent=12233"}],"curies":[{"name":"wp","href":"https:\/\/api.w.org\/{rel}","templated":true}]}}