{"id":12505,"date":"2019-03-19T13:32:55","date_gmt":"2019-03-19T13:32:55","guid":{"rendered":"https:\/\/grace-asso.fr\/videos"},"modified":"2021-04-16T08:14:03","modified_gmt":"2021-04-16T08:14:03","slug":"videos","status":"publish","type":"page","link":"https:\/\/grace-asso.fr\/en\/videos","title":{"rendered":"Vid\u00e9os"},"content":{"rendered":"<h2><\/h2>\n<h2> Comment suivre l&#8217;implantation du programme RAC- Pr Karem SLIM <\/h2>\n<h2><iframe loading=\"lazy\" src=\"https:\/\/www.youtube.com\/embed\/59Z1ePI4lC4\" width=\"560\" height=\"315\" frameborder=\"0\" allowfullscreen=\"allowfullscreen\" data-mce-fragment=\"1\"><\/iframe><\/h2>\n<h2><\/h2>\n<h2>5e Symposium de GRACE<\/h2>\n<h2><iframe loading=\"lazy\" src=\"https:\/\/www.youtube.com\/embed\/JEDXIexI-Pw\" width=\"560\" height=\"315\" frameborder=\"0\" allowfullscreen=\"allowfullscreen\"><\/iframe><\/h2>\n<h2>La RAC, c&#8217;est quoi ?<\/h2>\n<h2><iframe loading=\"lazy\" src=\"https:\/\/www.youtube.com\/embed\/DLjAmv0ynAM\" width=\"560\" height=\"315\" frameborder=\"0\" allowfullscreen=\"allowfullscreen\"><\/iframe><\/h2>\n<p><a class=\"btn btn-blue btn-lg\" href=\"https:\/\/grace-asso.fr\/wp-content\/uploads\/2019\/01\/Video_RAC_GRACE.mov\">T\u00e9l\u00e9charger la vid\u00e9o<\/a><\/p>\n<h2><\/h2>\n<h2>R\u00e9habilitation Am\u00e9lior\u00e9e apr\u00e8s Chirurgie<\/h2>\n<p><iframe loading=\"lazy\" title=\"R\u00e9habilitation Am\u00e9lior\u00e9e Apr\u00e8s Chirurgie\" width=\"500\" height=\"281\" src=\"https:\/\/www.youtube.com\/embed\/C_lojNjq__Y?feature=oembed\" frameborder=\"0\" allow=\"accelerometer; autoplay; clipboard-write; encrypted-media; gyroscope; picture-in-picture; web-share\" referrerpolicy=\"strict-origin-when-cross-origin\" allowfullscreen><\/iframe><\/p>\n<h2><\/h2>\n<h2>La R\u00e9habilitation Am\u00e9lior\u00e9e en Chirurgie Gyn\u00e9cologique<\/h2>\n<h2><iframe loading=\"lazy\" src=\"https:\/\/www.youtube.com\/embed\/RlmHTBYNaNc?rel=0\" width=\"560\" height=\"315\" frameborder=\"0\" allowfullscreen=\"allowfullscreen\"><\/iframe><\/h2>\n<h2><\/h2>\n<h2>Entretien avec Karem Slim<\/h2>\n<p><iframe loading=\"lazy\" src=\"https:\/\/www.youtube.com\/embed\/-vR85_O3pSQ?rel=0\" width=\"560\" height=\"315\" frameborder=\"0\" allowfullscreen=\"allowfullscreen\"><\/iframe><\/p>\n<p>&nbsp;<\/p>\n<h2 class=\"watch-title-container\"><span id=\"eow-title\" class=\"watch-title\" dir=\"ltr\" title=\"Emission sp\u00e9ciale : &quot;RFE Curarisation et d\u00e9curarisation en anesth\u00e9sie - Actualisation 2018&quot;\">Divers<\/span><\/h2>\n<h2 class=\"watch-title-container\"><span id=\"eow-title\" class=\"watch-title\" dir=\"ltr\" title=\"Emission sp\u00e9ciale : &quot;RFE Curarisation et d\u00e9curarisation en anesth\u00e9sie - Actualisation 2018&quot;\">Emission sp\u00e9ciale : &#8220;RFE Curarisation et d\u00e9curarisation en anesth\u00e9sie &#8211; Actualisation 2018&#8221;<\/span><\/h2>\n<p><iframe loading=\"lazy\" title=\"Emission sp\u00e9ciale : &quot;RFE Curarisation et d\u00e9curarisation en anesth\u00e9sie - Actualisation 2018&quot;\" width=\"500\" height=\"281\" src=\"https:\/\/www.youtube.com\/embed\/5pUkWWj2Vkg?feature=oembed\" frameborder=\"0\" allow=\"accelerometer; autoplay; clipboard-write; encrypted-media; gyroscope; picture-in-picture; web-share\" referrerpolicy=\"strict-origin-when-cross-origin\" allowfullscreen><\/iframe><\/p>\n<h2><\/h2>\n","protected":false},"excerpt":{"rendered":"<p>Comment suivre l&#8217;implantation du programme RAC- Pr Karem SLIM 5e Symposium de GRACE La RAC, c&#8217;est quoi ? T\u00e9l\u00e9charger la vid\u00e9o R\u00e9habilitation Am\u00e9lior\u00e9e apr\u00e8s Chirurgie La R\u00e9habilitation Am\u00e9lior\u00e9e en Chirurgie Gyn\u00e9cologique Entretien avec Karem Slim &nbsp; Divers Emission sp\u00e9ciale : &#8220;RFE Curarisation et d\u00e9curarisation en anesth\u00e9sie &#8211; Actualisation 2018&#8221;<\/p>\n","protected":false},"author":8,"featured_media":0,"parent":0,"menu_order":0,"comment_status":"closed","ping_status":"closed","template":"","meta":{"_acf_changed":false,"_seopress_robots_primary_cat":"","_seopress_titles_title":"","_seopress_titles_desc":"","_seopress_robots_index":"","footnotes":""},"class_list":["post-12505","page","type-page","status-publish","hentry"],"acf":[],"rttpg_featured_image_url":null,"rttpg_author":{"display_name":"Grace","author_link":"https:\/\/grace-asso.fr\/en\/author\/knoe"},"rttpg_comment":0,"rttpg_category":" <a href=\"https:\/\/grace-asso.fr\/en?taxonomy=translation_priority&#038;term=optional\" rel=\"tag\">Optional<\/a>","rttpg_excerpt":"Comment suivre l&#8217;implantation du programme RAC- Pr Karem SLIM 5e Symposium de GRACE La RAC, c&#8217;est quoi ? T\u00e9l\u00e9charger la vid\u00e9o R\u00e9habilitation Am\u00e9lior\u00e9e apr\u00e8s Chirurgie La R\u00e9habilitation Am\u00e9lior\u00e9e en Chirurgie Gyn\u00e9cologique Entretien avec Karem Slim &nbsp; Divers Emission sp\u00e9ciale : &#8220;RFE Curarisation et d\u00e9curarisation en anesth\u00e9sie &#8211; Actualisation 2018&#8221;","_links":{"self":[{"href":"https:\/\/grace-asso.fr\/en\/wp-json\/wp\/v2\/pages\/12505","targetHints":{"allow":["GET"]}}],"collection":[{"href":"https:\/\/grace-asso.fr\/en\/wp-json\/wp\/v2\/pages"}],"about":[{"href":"https:\/\/grace-asso.fr\/en\/wp-json\/wp\/v2\/types\/page"}],"author":[{"embeddable":true,"href":"https:\/\/grace-asso.fr\/en\/wp-json\/wp\/v2\/users\/8"}],"replies":[{"embeddable":true,"href":"https:\/\/grace-asso.fr\/en\/wp-json\/wp\/v2\/comments?post=12505"}],"version-history":[{"count":10,"href":"https:\/\/grace-asso.fr\/en\/wp-json\/wp\/v2\/pages\/12505\/revisions"}],"predecessor-version":[{"id":21622,"href":"https:\/\/grace-asso.fr\/en\/wp-json\/wp\/v2\/pages\/12505\/revisions\/21622"}],"wp:attachment":[{"href":"https:\/\/grace-asso.fr\/en\/wp-json\/wp\/v2\/media?parent=12505"}],"curies":[{"name":"wp","href":"https:\/\/api.w.org\/{rel}","templated":true}]}}