{"id":13208,"date":"2019-03-29T10:16:49","date_gmt":"2019-03-29T10:16:49","guid":{"rendered":"https:\/\/grace-asso.fr\/on-a-teste-pour-vous"},"modified":"2019-03-29T15:15:43","modified_gmt":"2019-03-29T15:15:43","slug":"on-a-teste-pour-vous","status":"publish","type":"page","link":"https:\/\/grace-asso.fr\/en\/on-a-teste-pour-vous","title":{"rendered":"On a test\u00e9 pour vous"},"content":{"rendered":"<div class=\"wpb-content-wrapper\"><p>[vc_row][vc_column][vc_column_text css=&#8221;.vc_custom_1553526929511{padding-right: 20px !important;padding-left: 20px !important;}&#8221;]<\/p>\n<div class=\"views-field views-field-field-nom-applis\">\n<h2 class=\"field-content\">La solution &#8220;Ambucare&#8221;<\/h2>\n<p style=\"text-align: left;\"><strong><span class=\"views-label views-label-field--diteur-soci-t-\"><a href=\"https:\/\/grace-asso.fr\/wp-content\/uploads\/2019\/03\/LogoAmbucare-1.jpg\"><img loading=\"lazy\" decoding=\"async\" class=\"wp-image-12899 alignleft\" src=\"https:\/\/grace-asso.fr\/wp-content\/uploads\/2019\/03\/LogoAmbucare-1-300x198.jpg\" alt=\"\" width=\"200\" height=\"132\" \/><\/a><\/span><\/strong><\/p>\n<p style=\"text-align: left;\"><strong><span class=\"views-label views-label-field--diteur-soci-t-\">Principe<\/span><\/strong><\/p>\n<p style=\"text-align: left;\">Web-service de surveillance p\u00e9ri-op\u00e9ratoire en ligne avec \u00e9valuation de l\u2019\u00e9tat clinique du patient par auto-\u00e9valuation. Outil facilitant la communication avec l\u2019\u00e9quipe soignante.<\/p>\n<p style=\"text-align: left;\"><a href=\"https:\/\/grace-asso.fr\/en\/on-a-teste-pour-vous\/la-solution-ambucare\" target=\"_blank\" rel=\"noopener\">En savoir plus&#8230;<\/a><\/p>\n<\/div>\n<p>[\/vc_column_text][\/vc_column][\/vc_row][vc_row][vc_column][vc_column_text css=&#8221;.vc_custom_1553526564648{padding-right: 20px !important;padding-left: 20px !important;}&#8221;]<\/p>\n<div class=\"views-field views-field-field-nom-applis\">\n<h2 class=\"field-content\">La solution &#8220;MIA Confort&#8221;<\/h2>\n<p style=\"text-align: left;\"><strong><span class=\"views-label views-label-field--diteur-soci-t-\"><a href=\"https:\/\/grace-asso.fr\/wp-content\/uploads\/2019\/03\/LogoMiaConfort.jpg.png\"><img loading=\"lazy\" decoding=\"async\" class=\"wp-image-12894 alignleft\" src=\"https:\/\/grace-asso.fr\/wp-content\/uploads\/2019\/03\/LogoMiaConfort.jpg-300x139.png\" alt=\"\" width=\"201\" height=\"93\" srcset=\"https:\/\/grace-asso.fr\/wp-content\/uploads\/2019\/03\/LogoMiaConfort.jpg-300x139.png 300w, https:\/\/grace-asso.fr\/wp-content\/uploads\/2019\/03\/LogoMiaConfort.jpg-600x278.png 600w, https:\/\/grace-asso.fr\/wp-content\/uploads\/2019\/03\/LogoMiaConfort.jpg-768x356.png 768w, https:\/\/grace-asso.fr\/wp-content\/uploads\/2019\/03\/LogoMiaConfort.jpg.png 815w\" sizes=\"auto, (max-width: 201px) 100vw, 201px\" \/><\/a><\/span><\/strong><\/p>\n<p style=\"text-align: left;\"><strong><span class=\"views-label views-label-field--diteur-soci-t-\">Principe<\/span><\/strong><\/p>\n<p style=\"text-align: left;\">Evaluation prospective, en temps r\u00e9el, de la douleur et de toutes ses composantes.<\/p>\n<p style=\"text-align: left;\"><a href=\"https:\/\/grace-asso.fr\/en\/on-a-teste-pour-vous\/la-solution-mia-confort\" target=\"_blank\" rel=\"noopener\">En savoir plus&#8230;<\/a><\/p>\n<\/div>\n<p>[\/vc_column_text][\/vc_column][\/vc_row][vc_row][vc_column][vc_column_text css=&#8221;.vc_custom_1537187486675{padding-right: 20px !important;padding-left: 20px !important;}&#8221;]<\/p>\n<div class=\"views-field views-field-field-nom-applis\">\n<h2 class=\"field-content\">Engage<\/h2>\n<p><strong><span class=\"views-label views-label-field--diteur-soci-t-\"><img loading=\"lazy\" decoding=\"async\" class=\"size-full wp-image-3157 alignleft\" src=\"https:\/\/grace-asso.fr\/wp-content\/uploads\/2018\/09\/engage.jpg\" alt=\"\" width=\"200\" height=\"150\" \/><\/span><\/strong><strong><span class=\"views-label views-label-field--diteur-soci-t-\">Principe<\/span><\/strong><\/p>\n<p>Il s\u2019agit d\u2019une application mobile qui permet le recueil de questionnaires m\u00e9dicaux, de consentements et l&#8217;\u00e9tablissement de check-lists pr\u00e9op\u00e9ratoires. Elle permet de suivre l\u2019\u00e9volution du patient apr\u00e8s son retour \u00e0 domicile.<\/p>\n<p><a href=\"https:\/\/grace-asso.fr\/en\/on-a-teste-pour-vous\/engage\">En savoir plus&#8230;<\/a><\/p>\n<\/div>\n<p>[\/vc_column_text][\/vc_column][\/vc_row][vc_row][vc_column css=&#8221;.vc_custom_1522157025564{padding-top: 30px !important;padding-bottom: 30px !important;}&#8221;][vc_separator][\/vc_column][\/vc_row][vc_row][vc_column][vc_column_text css=&#8221;.vc_custom_1523890530213{padding-right: 20px !important;padding-left: 20px !important;}&#8221;]<\/p>\n<div class=\"views-field views-field-field-nom-applis\">\n<h2 class=\"field-content\">Clo\u00e9 SAS<\/h2>\n<p><strong><span class=\"views-label views-label-field--diteur-soci-t-\"><img loading=\"lazy\" decoding=\"async\" class=\"size-full wp-image-3157 alignleft\" src=\"https:\/\/grace-asso.fr\/wp-content\/uploads\/2018\/04\/cloe-sas.jpg\" alt=\"\" width=\"200\" height=\"150\" \/><\/span><\/strong><strong><span class=\"views-label views-label-field--diteur-soci-t-\">Principe<\/span><\/strong><\/p>\n<p>Il s\u2019agit d\u2019une plateforme web s\u00e9curis\u00e9e, permettant de suivre chronologiquement l\u2019\u00e9volution des patients op\u00e9r\u00e9s, sur l\u2019ensemble de leur parcours, dans la continuit\u00e9 du Dossier Patient Informatis\u00e9 (DPI).<\/p>\n<p><a href=\"https:\/\/grace-asso.fr\/en\/on-a-teste-pour-vous\/cloe-sas\">En savoir plus&#8230;<\/a><\/p>\n<\/div>\n<p>[\/vc_column_text][\/vc_column][\/vc_row][vc_row][vc_column css=&#8221;.vc_custom_1522157025564{padding-top: 30px !important;padding-bottom: 30px !important;}&#8221;][vc_separator][\/vc_column][\/vc_row][vc_row][vc_column][vc_column_text css=&#8221;.vc_custom_1522311619558{padding-right: 20px !important;padding-left: 20px !important;}&#8221;]<\/p>\n<div class=\"views-field views-field-field-nom-applis\">\n<h2 class=\"field-content\">Linde Medical Direct<\/h2>\n<p><strong><span class=\"views-label views-label-field--diteur-soci-t-\"><img loading=\"lazy\" decoding=\"async\" class=\"size-full wp-image-2985 alignleft\" src=\"https:\/\/grace-asso.fr\/wp-content\/uploads\/2018\/03\/applis-linde_medical_direct.jpg\" alt=\"\" width=\"200\" height=\"150\" \/><\/span><\/strong><\/p>\n<p><strong><span class=\"views-label views-label-field--diteur-soci-t-\">Principe<\/span><\/strong><\/p>\n<p>Outil num\u00e9rique d\u2019aide au suivi et \u00e0 la gestion de traitement respiratoire \u00e0 domicile.<\/p>\n<p><a href=\"https:\/\/grace-asso.fr\/en\/on-a-teste-pour-vous\/linde-medical-direct\">En savoir plus&#8230;<\/a><\/p>\n<\/div>\n<p>[\/vc_column_text][\/vc_column][\/vc_row][vc_row][vc_column css=&#8221;.vc_custom_1522157025564{padding-top: 30px !important;padding-bottom: 30px !important;}&#8221;][vc_separator][\/vc_column][\/vc_row][vc_row][vc_column][vc_column_text css=&#8221;.vc_custom_1523890614260{padding-right: 20px !important;padding-left: 20px !important;}&#8221;]<\/p>\n<div class=\"views-field views-field-field-nom-applis\">\n<h2 class=\"field-content\">Maela<\/h2>\n<p><strong><span class=\"views-label views-label-field--diteur-soci-t-\"><img loading=\"lazy\" decoding=\"async\" class=\"size-full wp-image-3158 alignleft\" src=\"https:\/\/grace-asso.fr\/wp-content\/uploads\/2018\/04\/appli-maela.jpg\" alt=\"\" width=\"200\" height=\"150\" \/>Principe<\/span><\/strong><\/p>\n<div class=\"views-field views-field-field--diteur-soci-t-\">\n<div class=\"field-content\">\n<p>Gr\u00e2ce \u00e0 une plateforme s\u00e9curis\u00e9e, \u00e0 l\u2019utilisation des objets connect\u00e9s et \u00e0 un centre de suivi infirmier 24h\/24, les patients op\u00e9r\u00e9s peuvent \u00eatre surveill\u00e9s \u00e0 distance, sur l\u2019ensemble de leurs parcours, de la phase pr\u00e9op\u00e9ratoire mais aussi apr\u00e8s l\u2019intervention.<\/p>\n<\/div>\n<\/div>\n<p><a href=\"https:\/\/grace-asso.fr\/en\/on-a-teste-pour-vous\/maela\u200e\">En savoir plus&#8230;<\/a><\/p>\n<\/div>\n<p>[\/vc_column_text][\/vc_column][\/vc_row][vc_row][vc_column css=&#8221;.vc_custom_1522157025564{padding-top: 30px !important;padding-bottom: 30px !important;}&#8221;][vc_separator][\/vc_column][\/vc_row][vc_row][vc_column][vc_column_text css=&#8221;.vc_custom_1523890555867{padding-right: 20px !important;padding-left: 20px !important;}&#8221;]<\/p>\n<div class=\"views-field views-field-field-nom-applis\">\n<h2 class=\"field-content\">M\u00e9mo Quest<\/h2>\n<p><strong><span class=\"views-label views-label-field--diteur-soci-t-\"><img loading=\"lazy\" decoding=\"async\" class=\"size-full wp-image-3161 alignleft\" src=\"https:\/\/grace-asso.fr\/wp-content\/uploads\/2018\/04\/applis-memoquest.jpg\" alt=\"\" width=\"190\" height=\"124\" \/>Principe<\/span><\/strong><\/p>\n<div class=\"views-field views-field-field--diteur-soci-t-\">\n<div class=\"field-content\">\n<p>Le jour de la sortie pr\u00e9coce du patient, le m\u00e9decin r\u00e9f\u00e9rent d\u00e9clenche le protocole de surveillance par sms via la plateforme internet www.memoquest.com avec des identifiants personnalis\u00e9s et s\u00e9curis\u00e9s.<br \/>\n<a href=\"https:\/\/grace-asso.fr\/en\/on-a-teste-pour-vous\/memo-quest\">En savoir plus&#8230;<\/a><\/p>\n<\/div>\n<\/div>\n<\/div>\n<p>[\/vc_column_text][\/vc_column][\/vc_row][vc_row][vc_column css=&#8221;.vc_custom_1522157025564{padding-top: 30px !important;padding-bottom: 30px !important;}&#8221;][vc_separator][\/vc_column][\/vc_row][vc_row][vc_column][vc_column_text css=&#8221;.vc_custom_1523890570608{padding-right: 20px !important;padding-left: 20px !important;}&#8221;]<\/p>\n<div class=\"views-field views-field-field-nom-applis\">\n<h2 class=\"field-content\">SOVINTY 3S MOBILE<\/h2>\n<p><strong><span class=\"views-label views-label-field--diteur-soci-t-\"><img loading=\"lazy\" decoding=\"async\" class=\"size-full wp-image-3159 alignleft\" src=\"https:\/\/grace-asso.fr\/wp-content\/uploads\/2018\/04\/sovinty.jpg\" alt=\"\" width=\"190\" height=\"108\" \/>Principe<\/span><\/strong><\/p>\n<div class=\"views-field views-field-field--diteur-soci-t-\">\n<div class=\"field-content\">\n<p>Plateforme web accompagnant le patient d\u00e8s la p\u00e9riode pr\u00e9op\u00e9ratoire en assurant une check-list de contr\u00f4le avant l\u2019intervention.<br \/>\n<a href=\"https:\/\/grace-asso.fr\/en\/on-a-teste-pour-vous\/sovinty-3s-mobile\">En savoir plus&#8230;<\/a><\/p>\n<\/div>\n<\/div>\n<\/div>\n<p>[\/vc_column_text][\/vc_column][\/vc_row][vc_row][vc_column css=&#8221;.vc_custom_1522157025564{padding-top: 30px !important;padding-bottom: 30px !important;}&#8221;][vc_separator][\/vc_column][\/vc_row]<\/p>\n<\/div>","protected":false},"excerpt":{"rendered":"<p>[vc_row][vc_column][vc_column_text css=&#8221;.vc_custom_1553526929511{padding-right: 20px !important;padding-left: 20px !important;}&#8221;] La solution &#8220;Ambucare&#8221; Principe Web-service de surveillance p\u00e9ri-op\u00e9ratoire en ligne avec \u00e9valuation de l\u2019\u00e9tat clinique du patient par auto-\u00e9valuation. Outil facilitant la communication avec l\u2019\u00e9quipe soignante. En savoir plus&#8230; [\/vc_column_text][\/vc_column][\/vc_row][vc_row][vc_column][vc_column_text css=&#8221;.vc_custom_1553526564648{padding-right: 20px !important;padding-left: 20px !important;}&#8221;] La solution &#8220;MIA Confort&#8221; Principe Evaluation prospective, en temps r\u00e9el, de la douleur et<\/p>\n","protected":false},"author":1,"featured_media":0,"parent":0,"menu_order":0,"comment_status":"closed","ping_status":"closed","template":"","meta":{"_acf_changed":false,"_seopress_robots_primary_cat":"","_seopress_titles_title":"","_seopress_titles_desc":"","_seopress_robots_index":"","footnotes":""},"class_list":["post-13208","page","type-page","status-publish","hentry"],"acf":[],"rttpg_featured_image_url":null,"rttpg_author":{"display_name":"grc","author_link":"https:\/\/grace-asso.fr\/en\/author\/grc"},"rttpg_comment":0,"rttpg_category":" <a href=\"https:\/\/grace-asso.fr\/en?taxonomy=translation_priority&#038;term=optional\" rel=\"tag\">Optional<\/a>","rttpg_excerpt":"[vc_row][vc_column][vc_column_text css=&#8221;.vc_custom_1553526929511{padding-right: 20px !important;padding-left: 20px !important;}&#8221;] La solution &#8220;Ambucare&#8221; Principe Web-service de surveillance p\u00e9ri-op\u00e9ratoire en ligne avec \u00e9valuation de l\u2019\u00e9tat clinique du patient par auto-\u00e9valuation. Outil facilitant la communication avec l\u2019\u00e9quipe soignante. En savoir plus&#8230; [\/vc_column_text][\/vc_column][\/vc_row][vc_row][vc_column][vc_column_text css=&#8221;.vc_custom_1553526564648{padding-right: 20px !important;padding-left: 20px !important;}&#8221;] La solution &#8220;MIA Confort&#8221; Principe Evaluation prospective, en temps r\u00e9el, de la douleur et","_links":{"self":[{"href":"https:\/\/grace-asso.fr\/en\/wp-json\/wp\/v2\/pages\/13208","targetHints":{"allow":["GET"]}}],"collection":[{"href":"https:\/\/grace-asso.fr\/en\/wp-json\/wp\/v2\/pages"}],"about":[{"href":"https:\/\/grace-asso.fr\/en\/wp-json\/wp\/v2\/types\/page"}],"author":[{"embeddable":true,"href":"https:\/\/grace-asso.fr\/en\/wp-json\/wp\/v2\/users\/1"}],"replies":[{"embeddable":true,"href":"https:\/\/grace-asso.fr\/en\/wp-json\/wp\/v2\/comments?post=13208"}],"version-history":[{"count":10,"href":"https:\/\/grace-asso.fr\/en\/wp-json\/wp\/v2\/pages\/13208\/revisions"}],"predecessor-version":[{"id":13276,"href":"https:\/\/grace-asso.fr\/en\/wp-json\/wp\/v2\/pages\/13208\/revisions\/13276"}],"wp:attachment":[{"href":"https:\/\/grace-asso.fr\/en\/wp-json\/wp\/v2\/media?parent=13208"}],"curies":[{"name":"wp","href":"https:\/\/api.w.org\/{rel}","templated":true}]}}