{"id":13249,"date":"2019-03-29T11:23:27","date_gmt":"2019-03-29T11:23:27","guid":{"rendered":"https:\/\/grace-asso.fr\/on-a-teste-pour-vous\/la-solution-ambucare"},"modified":"2019-03-29T11:23:27","modified_gmt":"2019-03-29T11:23:27","slug":"la-solution-ambucare","status":"publish","type":"page","link":"https:\/\/grace-asso.fr\/en\/on-a-teste-pour-vous\/la-solution-ambucare","title":{"rendered":"La solution &#8220;Ambucare&#8221;"},"content":{"rendered":"<div class=\"wpb-content-wrapper\"><p>[vc_row][vc_column][vc_column_text css=&#8221;.vc_custom_1553527423803{padding-right: 20px !important;padding-left: 20px !important;}&#8221;]<\/p>\n<h2 class=\"field-content\">La solution &#8220;AMBUCARE&#8221;<\/h2>\n<p><strong><a href=\"https:\/\/grace-asso.fr\/wp-content\/uploads\/2019\/03\/LogoAmbucare-1.jpg\"><img loading=\"lazy\" decoding=\"async\" class=\"wp-image-12899 alignleft\" src=\"https:\/\/grace-asso.fr\/wp-content\/uploads\/2019\/03\/LogoAmbucare-1-300x198.jpg\" alt=\"\" width=\"200\" height=\"132\" \/><\/a><br \/>\nNom<br \/>\n<\/strong><span style=\"line-height: 1.5;\">AMBUCARE<\/span><\/p>\n<p><strong>Editeur, Soci\u00e9t\u00e9<br \/>\n<\/strong><a href=\"https:\/\/bowmedical.com\/ambucare\/\" target=\"_blank\" rel=\"noopener\">BOW MEDICAL<\/a><\/p>\n<p><strong>Principe<br \/>\n<\/strong>Web-service de surveillance p\u00e9ri-op\u00e9ratoire en ligne avec \u00e9valuation de l\u2019\u00e9tat clinique du patient par auto-\u00e9valuation. Outil facilitant la communication avec l\u2019\u00e9quipe soignante.<\/p>\n<p><strong>Syst\u00e8me d\u2019exploitation<br \/>\n<\/strong>MAC, PC, acc\u00e8s web-service, responsive.<\/p>\n<p><strong>Langues disponibles<\/strong><br \/>\nMulti-langue (langue naturelle pour le patient et transfert en fran\u00e7ais vers le professionnel).<\/p>\n<p><strong>Support (mobile, tablette\u2026)<br \/>\n<\/strong>Mobile, tablette, tout navigateur.<\/p>\n<p><strong>Interlocuteur ou cible de l\u2019appli<br \/>\n<\/strong>Le patient remplit ses questionnaires, les donn\u00e9es dont transmises \u00e0 l\u2019\u00e9quipe de fa\u00e7on s\u00e9curis\u00e9e.\u00a0Les coordonn\u00e9es de son chirurgien, de l\u2019\u00e9quipe hospitali\u00e8re et de \u00ab\u00a0Ville\u00a0\u00bb (IDE Lib\u00e9rale et m\u00e9decin traitant) sont en permanence accessibles.<\/p>\n<p><strong>Remont\u00e9e des informations<br \/>\n<\/strong>Via la plateforme web avec des \u00ab\u00a0formulaires rapides\u00a0\u00bb quotidiens mais \u00e9galement des contre-rendus synth\u00e9tiques en fin de prise en charge.\u00a0On a acc\u00e8s aussi au d\u00e9tail des protocoles de suivi, de l\u2019agenda du \u00ab\u00a0Parcours Patient\u00a0\u00bb tout au long du programme p\u00e9ri-op\u00e9ratoire.<\/p>\n<p><strong>Co\u00fbt par patient ou par an<br \/>\n<\/strong>Non communiqu\u00e9 (mod\u00e8le SAAS ou licence), au moment du d\u00e9ploiement, il y a une assistante pour l\u2019installation, le param\u00e9trage et la formation.<\/p>\n<p><strong>Notation ou \u00e9valuation de l&#8217;ergonomie<br \/>\n<\/strong>Outil rapide en fonction de la qualit\u00e9 du r\u00e9seau internet, caract\u00e8re intuitif des diff\u00e9rents onglets de surveillance.<\/p>\n<p><strong>Charte graphique<br \/>\n<\/strong>Digitalis\u00e9e et \u00ab\u00a0num\u00e9rique\u00a0\u00bb cr\u00e9ant un environnement plut\u00f4t froid voire aust\u00e8re.<\/p>\n<p><strong>Confidentialit\u00e9<br \/>\n<\/strong>Les donn\u00e9es peuvent \u00eatre stock\u00e9es grace aux ressources internes de l\u2019h\u00f4pital leur solution d\u2019h\u00e9bergement de donn\u00e9es de sant\u00e9, dans ce cas elles restent la propri\u00e9t\u00e9 de l\u2019h\u00f4pital.\u00a0Sinon, une solution d\u2019h\u00e9bergement agr\u00e9\u00e9e peut \u00eatre fournie par l\u2019\u00e9diteur d\u2019AMBUCARE.<\/p>\n<p><strong>Complexit\u00e9 d&#8217;utilisation<br \/>\n<\/strong>La premi\u00e8re impression est celle d\u2019un outil trop vaste mais rapidement, on constate une fluidit\u00e9 et un cot\u00e9 intuitif le rendant finalement simple \u00e0 l\u2019usage.<\/p>\n<p><strong>Stabilit\u00e9<br \/>\n<\/strong>A priori stable.<\/p>\n<p><strong>Donn\u00e9es m\u00e9dicales surveill\u00e9es<br \/>\n<\/strong>Donn\u00e9es cliniques multiples\u00a0(constantes vitales habituelles, temp\u00e9rature, pouls, tension, saturation), mais aussi \u00e9valuation de la digestion, de la qualit\u00e9 de vie, de la zone op\u00e9r\u00e9e, de la douleur et de l\u2019humeur.\u00a0Connexion avec des objets connect\u00e9s possible (ex\u00a0: ARKEA)[\/vc_column_text][\/vc_column][\/vc_row][vc_row][vc_column][vc_column_text]<br \/>\n[\/vc_column_text][\/vc_column][\/vc_row][vc_row el_id=&#8221;TOMOVE&#8221;][vc_column width=&#8221;1\/2&#8243;][vc_column_text]<\/p>\n<h3 style=\"text-align: center;\"><span style=\"color: #008000;\">Les +<\/span><\/h3>\n<p>[\/vc_column_text][vc_separator color=&#8221;green&#8221; css=&#8221;.vc_custom_1522156724897{padding-right: 5px !important;padding-left: 5px !important;}&#8221;][vc_column_text css=&#8221;.vc_custom_1553527247003{padding-top: 30px !important;padding-right: 20px !important;padding-left: 20px !important;}&#8221;]Outil complet et rapide.<\/p>\n<p>A noter \u00e9galement la pr\u00e9sence d\u2019une fonctionnalit\u00e9 de prise de rendez-vous avec une passerelle vers le Logiciel DIANE Anesth\u00e9sie (BOW MEDICAL) et les \u00e9diteurs de prises de rendez-vous en ligne.<\/p>\n<p>AMBUCARE contient aussi un outil num\u00e9rique qui permet de construire des formulaires au sein d\u2019un protocole de soins et un moteur de r\u00e8gle, on peut d\u00e9cider des actions \u00e0 mener en fonction des r\u00e9ponses du patient.[\/vc_column_text][\/vc_column][vc_column width=&#8221;1\/2&#8243;][vc_column_text]<\/p>\n<h3 style=\"text-align: center;\"><span style=\"color: #ff0000;\">Les &#8211;<\/span><\/h3>\n<p>[\/vc_column_text][vc_separator color=&#8221;custom&#8221; accent_color=&#8221;#dd3333&#8243; css=&#8221;.vc_custom_1522156718315{padding-right: 5px !important;padding-left: 5px !important;}&#8221;][vc_column_text css=&#8221;.vc_custom_1553527263282{padding-top: 30px !important;padding-right: 20px !important;padding-left: 20px !important;}&#8221;]Outil tr\u00e8s digitalis\u00e9 donnant une impression globale l\u00e9g\u00e8rement\u00a0 \u00ab\u00a0d\u00e9shumanis\u00e9e\u00a0\u00bb[\/vc_column_text][\/vc_column][\/vc_row][vc_row][vc_column][vc_column_text]<br \/>\n[\/vc_column_text][\/vc_column][\/vc_row][vc_row][vc_column css=&#8221;.vc_custom_1522157025564{padding-top: 30px !important;padding-bottom: 30px !important;}&#8221;][\/vc_column][\/vc_row]<\/p>\n<\/div>","protected":false},"excerpt":{"rendered":"<p>[vc_row][vc_column][vc_column_text css=&#8221;.vc_custom_1553527423803{padding-right: 20px !important;padding-left: 20px !important;}&#8221;] La solution &#8220;AMBUCARE&#8221; Nom AMBUCARE Editeur, Soci\u00e9t\u00e9 BOW MEDICAL Principe Web-service de surveillance p\u00e9ri-op\u00e9ratoire en ligne avec \u00e9valuation de l\u2019\u00e9tat clinique du patient par auto-\u00e9valuation. Outil facilitant la communication avec l\u2019\u00e9quipe soignante. Syst\u00e8me d\u2019exploitation MAC, PC, acc\u00e8s web-service, responsive. Langues disponibles Multi-langue (langue naturelle pour le patient et transfert<\/p>\n","protected":false},"author":8,"featured_media":0,"parent":13208,"menu_order":0,"comment_status":"closed","ping_status":"closed","template":"","meta":{"_acf_changed":false,"_seopress_robots_primary_cat":"","_seopress_titles_title":"","_seopress_titles_desc":"","_seopress_robots_index":"","footnotes":""},"class_list":["post-13249","page","type-page","status-publish","hentry"],"acf":[],"rttpg_featured_image_url":null,"rttpg_author":{"display_name":"Grace","author_link":"https:\/\/grace-asso.fr\/en\/author\/knoe"},"rttpg_comment":0,"rttpg_category":" <a href=\"https:\/\/grace-asso.fr\/en?taxonomy=translation_priority&#038;term=optional\" rel=\"tag\">Optional<\/a>","rttpg_excerpt":"[vc_row][vc_column][vc_column_text css=&#8221;.vc_custom_1553527423803{padding-right: 20px !important;padding-left: 20px !important;}&#8221;] La solution &#8220;AMBUCARE&#8221; Nom AMBUCARE Editeur, Soci\u00e9t\u00e9 BOW MEDICAL Principe Web-service de surveillance p\u00e9ri-op\u00e9ratoire en ligne avec \u00e9valuation de l\u2019\u00e9tat clinique du patient par auto-\u00e9valuation. Outil facilitant la communication avec l\u2019\u00e9quipe soignante. Syst\u00e8me d\u2019exploitation MAC, PC, acc\u00e8s web-service, responsive. Langues disponibles Multi-langue (langue naturelle pour le patient et transfert","_links":{"self":[{"href":"https:\/\/grace-asso.fr\/en\/wp-json\/wp\/v2\/pages\/13249","targetHints":{"allow":["GET"]}}],"collection":[{"href":"https:\/\/grace-asso.fr\/en\/wp-json\/wp\/v2\/pages"}],"about":[{"href":"https:\/\/grace-asso.fr\/en\/wp-json\/wp\/v2\/types\/page"}],"author":[{"embeddable":true,"href":"https:\/\/grace-asso.fr\/en\/wp-json\/wp\/v2\/users\/8"}],"replies":[{"embeddable":true,"href":"https:\/\/grace-asso.fr\/en\/wp-json\/wp\/v2\/comments?post=13249"}],"version-history":[{"count":1,"href":"https:\/\/grace-asso.fr\/en\/wp-json\/wp\/v2\/pages\/13249\/revisions"}],"predecessor-version":[{"id":13250,"href":"https:\/\/grace-asso.fr\/en\/wp-json\/wp\/v2\/pages\/13249\/revisions\/13250"}],"up":[{"embeddable":true,"href":"https:\/\/grace-asso.fr\/en\/wp-json\/wp\/v2\/pages\/13208"}],"wp:attachment":[{"href":"https:\/\/grace-asso.fr\/en\/wp-json\/wp\/v2\/media?parent=13249"}],"curies":[{"name":"wp","href":"https:\/\/api.w.org\/{rel}","templated":true}]}}