{"id":13252,"date":"2019-03-29T11:25:50","date_gmt":"2019-03-29T11:25:50","guid":{"rendered":"https:\/\/grace-asso.fr\/on-a-teste-pour-vous\/la-solution-mia-confort"},"modified":"2019-03-29T11:25:50","modified_gmt":"2019-03-29T11:25:50","slug":"la-solution-mia-confort","status":"publish","type":"page","link":"https:\/\/grace-asso.fr\/en\/on-a-teste-pour-vous\/la-solution-mia-confort","title":{"rendered":"La solution &#8220;MIA Confort&#8221;"},"content":{"rendered":"<div class=\"wpb-content-wrapper\"><p>[vc_row][vc_column][vc_column_text css=&#8221;.vc_custom_1553527466149{padding-right: 20px !important;padding-left: 20px !important;}&#8221;]<\/p>\n<h2 class=\"field-content\">La solution &#8220;MIA Confort&#8221;<\/h2>\n<p><strong><a href=\"https:\/\/grace-asso.fr\/wp-content\/uploads\/2019\/03\/LogoMiaConfort.jpg\"><img loading=\"lazy\" decoding=\"async\" class=\"wp-image-12877 size-medium alignleft\" src=\"https:\/\/grace-asso.fr\/wp-content\/uploads\/2019\/03\/LogoMiaConfort-300x107.jpg\" alt=\"\" width=\"300\" height=\"107\" \/><\/a>Nom<br \/>\n<\/strong><span style=\"line-height: 1.5;\">MIA (My Intelligent Assistant) Confort<\/span><\/p>\n<p><strong>Editeur, Soci\u00e9t\u00e9<br \/>\n<\/strong>Sant\u00e9 net<\/p>\n<p><strong>Principe<br \/>\n<\/strong>Evaluation prospective, en temps r\u00e9el, de la douleur et de toutes ses composantes.<\/p>\n<p><strong>Syst\u00e8me d\u2019exploitation<br \/>\n<\/strong>iOs, Android, tout navigateur web.<\/p>\n<p><strong>Version<br \/>\n<\/strong>1.1.17<\/p>\n<p><strong>Langues disponibles<\/strong><br \/>\nFran\u00e7ais, possibilit\u00e9 multi-langue.<\/p>\n<p><strong>Support (mobile, tablette\u2026)<br \/>\n<\/strong>Mobile, tablette\u00a0sous son format application (Apple store ou Play store) ou sur mobile, tablette et ordinateur sous son format de plateforme web.<\/p>\n<p><strong>Interlocuteur ou cible de l\u2019appli<br \/>\n<\/strong>Auto-remplissage et auto-\u00e9valuation par le patient, l\u2019\u00e9quipe soignante peut consulter en ligne une fiche synth\u00e9tique de l\u2019auto-\u00e9valuation mais aussi sur le smartphone du patient au cours de la consultation.<\/p>\n<p><strong>Remont\u00e9e des informations<br \/>\n<\/strong>Synth\u00e8ses des questionnaires sur beaucoup de composantes de la douleur\u00a0: EVA, localisation de la douleur, son intensit\u00e9, son type, l\u2019\u00e9tat g\u00e9n\u00e9ral, l\u2019\u00e9tat de fatigue, l\u2019humeur, l\u2019impact sur la qualit\u00e9 de vie, la consommation d\u2019antalgiques (mol\u00e9cule, dose, fr\u00e9quence), l\u2019observance, \u00e9ventuellement l\u2019\u00e9volution de l\u2019activit\u00e9 physique gr\u00e2ce \u00e0 la connexion au podom\u00e8tre du smartphone.<\/p>\n<p><strong>Co\u00fbt par patient ou par an<br \/>\n<\/strong>MIA Confort est gratuite.\u00a0Sinon commercialisation en mode SAAS ou en achat de licence de MIA Healthcare\u00a0= MIA Confort + acc\u00e8s \u00e0 la base de donn\u00e9es + capacit\u00e9 de personnalisation de l\u2019outil dans un but de recherche clinique.<\/p>\n<p><strong>Notation ou \u00e9valuation de l&#8217;ergonomie<br \/>\n<\/strong>La partie auto-\u00e9valuation est tr\u00e8s facile \u00e0 remplir, la partie \u00ab\u00a0synth\u00e8se\u00a0\u00bb est plus difficile \u00e0 maitriser.<\/p>\n<p><strong>Charte graphique<br \/>\n<\/strong>Tr\u00e8s agr\u00e9able en termes de choix de couleurs et de logos.<\/p>\n<p><strong>Confidentialit\u00e9<br \/>\n<\/strong>Sant\u00e9 net est conforme \u00e0 la RGPD avec anonymisation forte des donn\u00e9es d\u00e9claratives du patient, elles sont stock\u00e9es sur des serveurs s\u00e9curis\u00e9s.\u00a0Pour MIA Healthcare, le stockage des donn\u00e9es est conforme au stockage avec h\u00e9bergeur agr\u00e9\u00e9 de donn\u00e9es de sant\u00e9.<\/p>\n<p><strong>Complexit\u00e9 d&#8217;utilisation<br \/>\n<\/strong>Non, la prise en main est rapide.<\/p>\n<p><strong>Stabilit\u00e9<br \/>\n<\/strong>Difficult\u00e9s initiales d\u2019installation de l\u2019application.<\/p>\n<p><strong>Donn\u00e9es m\u00e9dicales surveill\u00e9es<br \/>\n<\/strong>Base statistique permet de faire des corr\u00e9lations entre les \u00e9l\u00e9ments mesur\u00e9s sur une p\u00e9riode choisie.<\/p>\n<p>Ex\u00a0: lien entre l\u2019observance et la douleur, ou lien entre la douleur et la reprise d\u2019activit\u00e9 physique\u2026Lien entre le changement d\u2019humeur et d\u2019\u00e9ventuelles rebonds ou r\u00e9cidives douloureuses.[\/vc_column_text][\/vc_column][\/vc_row][vc_row][vc_column][vc_column_text]<br \/>\n[\/vc_column_text][\/vc_column][\/vc_row][vc_row el_id=&#8221;TOMOVE&#8221;][vc_column width=&#8221;1\/2&#8243;][vc_column_text]<\/p>\n<h3 style=\"text-align: center;\"><span style=\"color: #008000;\">Les +<\/span><\/h3>\n<p>[\/vc_column_text][vc_separator color=&#8221;green&#8221; css=&#8221;.vc_custom_1522156724897{padding-right: 5px !important;padding-left: 5px !important;}&#8221;][vc_column_text css=&#8221;.vc_custom_1553526104878{padding-top: 30px !important;padding-right: 20px !important;padding-left: 20px !important;}&#8221;]<\/p>\n<p>Outil r\u00e9volutionnaire dans l\u2019\u00e9valuation de la douleur car l\u2019ensemble des caract\u00e9ristiques (et pas seulement l\u2019EVA) sont prises en compte, il permet aussi d\u2019\u00e9tablir des corr\u00e9lations.<\/p>\n<p>MIA peut \u00eatre un acteur fondamental dans l\u2019\u00e9valuation clinique de nouvelles mol\u00e9cules ou de th\u00e9rapie antalgiques innovantes (TENS, r\u00e9alit\u00e9 virtuelle\u2026) pour la recherche universitaire mais aussi au service des laboratoires industriels.<\/p>\n<p>[\/vc_column_text][\/vc_column][vc_column width=&#8221;1\/2&#8243;][vc_column_text]<\/p>\n<h3 style=\"text-align: center;\"><span style=\"color: #ff0000;\">Les &#8211;<\/span><\/h3>\n<p>[\/vc_column_text][vc_separator color=&#8221;custom&#8221; accent_color=&#8221;#dd3333&#8243; css=&#8221;.vc_custom_1522156718315{padding-right: 5px !important;padding-left: 5px !important;}&#8221;][vc_column_text css=&#8221;.vc_custom_1553526118940{padding-top: 30px !important;padding-right: 20px !important;padding-left: 20px !important;}&#8221;]MIA Confort est parfaitement adapt\u00e9 aux pathologies provoquant des douleurs chroniques. Son usage lors de la p\u00e9riode p\u00e9ri-op\u00e9ratoire parait moins pertinent.[\/vc_column_text][\/vc_column][\/vc_row][vc_row][vc_column][vc_column_text]<br \/>\n[\/vc_column_text][\/vc_column][\/vc_row][vc_row][vc_column css=&#8221;.vc_custom_1522157025564{padding-top: 30px !important;padding-bottom: 30px !important;}&#8221;][\/vc_column][\/vc_row]<\/p>\n<\/div>","protected":false},"excerpt":{"rendered":"<p>[vc_row][vc_column][vc_column_text css=&#8221;.vc_custom_1553527466149{padding-right: 20px !important;padding-left: 20px !important;}&#8221;] La solution &#8220;MIA Confort&#8221; Nom MIA (My Intelligent Assistant) Confort Editeur, Soci\u00e9t\u00e9 Sant\u00e9 net Principe Evaluation prospective, en temps r\u00e9el, de la douleur et de toutes ses composantes. Syst\u00e8me d\u2019exploitation iOs, Android, tout navigateur web. Version 1.1.17 Langues disponibles Fran\u00e7ais, possibilit\u00e9 multi-langue. Support (mobile, tablette\u2026) Mobile, tablette\u00a0sous son format<\/p>\n","protected":false},"author":8,"featured_media":0,"parent":13208,"menu_order":0,"comment_status":"closed","ping_status":"closed","template":"","meta":{"_acf_changed":false,"_seopress_robots_primary_cat":"","_seopress_titles_title":"","_seopress_titles_desc":"","_seopress_robots_index":"","footnotes":""},"class_list":["post-13252","page","type-page","status-publish","hentry"],"acf":[],"rttpg_featured_image_url":null,"rttpg_author":{"display_name":"Grace","author_link":"https:\/\/grace-asso.fr\/en\/author\/knoe"},"rttpg_comment":0,"rttpg_category":" <a href=\"https:\/\/grace-asso.fr\/en?taxonomy=translation_priority&#038;term=optional\" rel=\"tag\">Optional<\/a>","rttpg_excerpt":"[vc_row][vc_column][vc_column_text css=&#8221;.vc_custom_1553527466149{padding-right: 20px !important;padding-left: 20px !important;}&#8221;] La solution &#8220;MIA Confort&#8221; Nom MIA (My Intelligent Assistant) Confort Editeur, Soci\u00e9t\u00e9 Sant\u00e9 net Principe Evaluation prospective, en temps r\u00e9el, de la douleur et de toutes ses composantes. Syst\u00e8me d\u2019exploitation iOs, Android, tout navigateur web. Version 1.1.17 Langues disponibles Fran\u00e7ais, possibilit\u00e9 multi-langue. Support (mobile, tablette\u2026) Mobile, tablette\u00a0sous son format","_links":{"self":[{"href":"https:\/\/grace-asso.fr\/en\/wp-json\/wp\/v2\/pages\/13252","targetHints":{"allow":["GET"]}}],"collection":[{"href":"https:\/\/grace-asso.fr\/en\/wp-json\/wp\/v2\/pages"}],"about":[{"href":"https:\/\/grace-asso.fr\/en\/wp-json\/wp\/v2\/types\/page"}],"author":[{"embeddable":true,"href":"https:\/\/grace-asso.fr\/en\/wp-json\/wp\/v2\/users\/8"}],"replies":[{"embeddable":true,"href":"https:\/\/grace-asso.fr\/en\/wp-json\/wp\/v2\/comments?post=13252"}],"version-history":[{"count":1,"href":"https:\/\/grace-asso.fr\/en\/wp-json\/wp\/v2\/pages\/13252\/revisions"}],"predecessor-version":[{"id":13253,"href":"https:\/\/grace-asso.fr\/en\/wp-json\/wp\/v2\/pages\/13252\/revisions\/13253"}],"up":[{"embeddable":true,"href":"https:\/\/grace-asso.fr\/en\/wp-json\/wp\/v2\/pages\/13208"}],"wp:attachment":[{"href":"https:\/\/grace-asso.fr\/en\/wp-json\/wp\/v2\/media?parent=13252"}],"curies":[{"name":"wp","href":"https:\/\/api.w.org\/{rel}","templated":true}]}}