{"id":13255,"date":"2019-03-29T11:27:49","date_gmt":"2019-03-29T11:27:49","guid":{"rendered":"https:\/\/grace-asso.fr\/on-a-teste-pour-vous\/engage"},"modified":"2019-03-29T11:27:50","modified_gmt":"2019-03-29T11:27:50","slug":"engage","status":"publish","type":"page","link":"https:\/\/grace-asso.fr\/en\/on-a-teste-pour-vous\/engage","title":{"rendered":"Engage"},"content":{"rendered":"<div class=\"wpb-content-wrapper\"><p>[vc_row][vc_column][vc_column_text css=&#8221;.vc_custom_1537187312338{padding-right: 20px !important;padding-left: 20px !important;}&#8221;]<\/p>\n<h2 class=\"field-content\">Engage<\/h2>\n<p><strong><img loading=\"lazy\" decoding=\"async\" class=\"size-full wp-image-3157 alignleft\" src=\"https:\/\/grace-asso.fr\/wp-content\/uploads\/2018\/09\/engage.jpg\" alt=\"\" width=\"200\" height=\"150\" \/>\u00c9diteur, Soci\u00e9t\u00e9<br \/>\n<\/strong><a href=\"https:\/\/www.exolis.fr\/#\/home\" target=\"_blank\" rel=\"noopener\">Exolis<\/a><\/p>\n<p><strong>Principe<br \/>\n<\/strong><\/p>\n<p>Il s\u2019agit d\u2019une application mobile qui permet le recueil de questionnaires m\u00e9dicaux, de consentements et l&#8217;\u00e9tablissement de check-lists pr\u00e9op\u00e9ratoires. Elle permet de suivre l\u2019\u00e9volution du patient apr\u00e8s son retour \u00e0 domicile en fonction de sa pathologie et\/ou de son intervention gr\u00e2ce \u00e0 des questionnaires et des prises de constantes. Les r\u00e9ponses sont prioris\u00e9es et transmises \u00e0 l&#8217;\u00e9tablissement de sant\u00e9 qui dispose d&#8217;un outil de coordination des urgences \u00e9ventuelles. Le syst\u00e8me permet \u00e9galement de faciliter le parcours de soins du patient (rendez-vous \u00e0 venir\u2026).<\/p>\n<p><strong>Syst\u00e8me d\u2019exploitation<br \/>\n<\/strong>Mac, Windows, iOS, Andro\u00efd, tous les navigateurs internet sont compatibles.<\/p>\n<p><strong>Version<br \/>\n<\/strong>3.1.2<\/p>\n<p><strong>Langues disponibles<\/strong><br \/>\nFran\u00e7ais, anglais.<\/p>\n<p><strong>Support (mobile, tablette\u2026)<br \/>\n<\/strong>Mobile, tablette pour le patient. Mobile ou ordinateur fixe pour le soignant. Possibilit\u00e9 de raccorder \u00e0 des objets connect\u00e9s (Nokia Withings pour le moment).<\/p>\n<p><strong>Interlocuteur ou cible de l\u2019appli<br \/>\n<\/strong>Patient op\u00e9r\u00e9 ou atteint d\u2019une pathologie m\u00e9dicale chronique surveill\u00e9 par Appli. Le soignant acc\u00e8de \u00e0 un tableau de bord connect\u00e9 \u00e0 l\u2019ensemble de ses patients surveill\u00e9s. Un code couleur renseigne sur les \u00e9l\u00e9ments prioris\u00e9s.<\/p>\n<p><strong>Co\u00fbt par patient ou par an<br \/>\n<\/strong>Non communiqu\u00e9, la vente du service se fait \u00ab en marque blanche \u00bb o\u00f9 l\u2019\u00e9tablissement devient v\u00e9ritablement propri\u00e9taire de son outil Engage avec ses protocoles et sa charte graphique.<\/p>\n<p><strong>Ergonomie et charte graphique<br \/>\n<\/strong>Cot\u00e9 \u00ab patient \u00bb, l\u2019appli est tr\u00e8s simple \u00e0 installer et \u00e0 configurer. Un code OTP est exig\u00e9 lors de la premi\u00e8re utilisation uniquement. L\u2019appli est tr\u00e8s fluide et la navigation est tr\u00e8s agr\u00e9able et rapide. Couleurs \u00ab\u00a0enfantines\u00a0\u00bb rassurantes.<\/p>\n<p><strong>Complexit\u00e9 d&#8217;utilisation<br \/>\n<\/strong>Outil ergonomique et intuitif.<\/p>\n<p><strong>Confidentialit\u00e9<br \/>\n<\/strong>les donn\u00e9es sont stock\u00e9es sur les serveurs s\u00e9curis\u00e9s de l\u2019\u00e9tablissement. Si l\u2019\u00e9tablissement n\u2019est pas en capacit\u00e9 de stocker les donn\u00e9es de mani\u00e8re s\u00e9curis\u00e9e, elles seront confi\u00e9es \u00e0 un h\u00e9bergeur agr\u00e9\u00e9 de donn\u00e9es de sant\u00e9 (co\u00fbt non communiqu\u00e9).<\/p>\n<p><strong>Stabilit\u00e9<br \/>\n<\/strong>\u00c0 priori stable mais attention : la partie \u00ab agenda \u00bb plante l\u2019appli quand on a refus\u00e9 la g\u00e9olocalisation et qu\u2019on veut voir le d\u00e9tail d\u2019un \u00e9v\u00e9nement.<\/p>\n<p><strong>Donn\u00e9es m\u00e9dicales surveill\u00e9es<br \/>\n<\/strong>\u00c9tat g\u00e9n\u00e9ral, temp\u00e9rature, pouls\u2026 elles sont param\u00e9trables.[\/vc_column_text][\/vc_column][\/vc_row][vc_row][vc_column][vc_column_text]<br \/>\n[\/vc_column_text][\/vc_column][\/vc_row][vc_row el_id=&#8221;TOMOVE&#8221;][vc_column width=&#8221;1\/2&#8243;][vc_column_text]<\/p>\n<h3 style=\"text-align: center;\"><span style=\"color: #008000;\">Les +<\/span><\/h3>\n<p>[\/vc_column_text][vc_separator color=&#8221;green&#8221; css=&#8221;.vc_custom_1522156724897{padding-right: 5px !important;padding-left: 5px !important;}&#8221;][vc_column_text css=&#8221;.vc_custom_1537187643046{padding-top: 30px !important;padding-right: 20px !important;padding-left: 20px !important;}&#8221;]<strong>C\u00f4t\u00e9 patient :<\/strong><\/p>\n<ul>\n<li>D\u00e9marrage (t\u00e9l\u00e9chargement de l\u2019appli, identification) simple, explications claires.<\/li>\n<li>Tout est facilement accessible (Check-list de la veille de l&#8217;intervention, consignes pr\u00e9-op\u00e9ratoires, num\u00e9ros d&#8217;urgences, m\u00e9dicaments \u00e0 prendre, questionnaires post-op\u2026).<\/li>\n<li>L\u2019agenda des \u00e9v\u00e9nements \u00e0 venir est un vrai plus.<\/li>\n<\/ul>\n<p><strong>C\u00f4t\u00e9 m\u00e9decin :<\/strong><\/p>\n<ul>\n<li>Pr\u00e9sentation tr\u00e8s claire avec les alertes pertinentes qui s\u2019affichent.<\/li>\n<li>La fiche patient est bien faite, tout (constantes, questionnaires\u2026) est accessible en peu de clics.<\/li>\n<\/ul>\n<p>[\/vc_column_text][\/vc_column][vc_column width=&#8221;1\/2&#8243;][vc_column_text]<\/p>\n<h3 style=\"text-align: center;\"><span style=\"color: #ff0000;\">Les &#8211;<\/span><\/h3>\n<p>[\/vc_column_text][vc_separator color=&#8221;custom&#8221; accent_color=&#8221;#dd3333&#8243; css=&#8221;.vc_custom_1522156718315{padding-right: 5px !important;padding-left: 5px !important;}&#8221;][vc_column_text css=&#8221;.vc_custom_1537186928089{padding-top: 30px !important;padding-right: 20px !important;padding-left: 20px !important;}&#8221;]<\/p>\n<ul>\n<li>Les protocoles et les crit\u00e8res de surveillance sont simples voire simplistes : il manque de crit\u00e8res de surveillance sp\u00e9cifiques \u00e0 la r\u00e9habilitation am\u00e9lior\u00e9e. Cela n\u00e9cessite donc un param\u00e9trage en d\u00e9but d\u2019utilisation.<\/li>\n<li>Il n\u2019y a pas de fonction de pr\u00e9habilitation (exercices physiques, sevrage tabagique\u2026) avant chirurgie.<\/li>\n<\/ul>\n<p>[\/vc_column_text][\/vc_column][\/vc_row][vc_row][vc_column][vc_column_text]<br \/>\n[\/vc_column_text][\/vc_column][\/vc_row][vc_row][vc_column css=&#8221;.vc_custom_1522157025564{padding-top: 30px !important;padding-bottom: 30px !important;}&#8221;][\/vc_column][\/vc_row]<\/p>\n<\/div>","protected":false},"excerpt":{"rendered":"<p>[vc_row][vc_column][vc_column_text css=&#8221;.vc_custom_1537187312338{padding-right: 20px !important;padding-left: 20px !important;}&#8221;] Engage \u00c9diteur, Soci\u00e9t\u00e9 Exolis Principe Il s\u2019agit d\u2019une application mobile qui permet le recueil de questionnaires m\u00e9dicaux, de consentements et l&#8217;\u00e9tablissement de check-lists pr\u00e9op\u00e9ratoires. Elle permet de suivre l\u2019\u00e9volution du patient apr\u00e8s son retour \u00e0 domicile en fonction de sa pathologie et\/ou de son intervention gr\u00e2ce \u00e0 des questionnaires<\/p>\n","protected":false},"author":8,"featured_media":0,"parent":13208,"menu_order":0,"comment_status":"closed","ping_status":"closed","template":"","meta":{"_acf_changed":false,"_seopress_robots_primary_cat":"","_seopress_titles_title":"","_seopress_titles_desc":"","_seopress_robots_index":"","footnotes":""},"class_list":["post-13255","page","type-page","status-publish","hentry"],"acf":[],"rttpg_featured_image_url":null,"rttpg_author":{"display_name":"Grace","author_link":"https:\/\/grace-asso.fr\/en\/author\/knoe"},"rttpg_comment":0,"rttpg_category":false,"rttpg_excerpt":"[vc_row][vc_column][vc_column_text css=&#8221;.vc_custom_1537187312338{padding-right: 20px !important;padding-left: 20px !important;}&#8221;] Engage \u00c9diteur, Soci\u00e9t\u00e9 Exolis Principe Il s\u2019agit d\u2019une application mobile qui permet le recueil de questionnaires m\u00e9dicaux, de consentements et l&#8217;\u00e9tablissement de check-lists pr\u00e9op\u00e9ratoires. Elle permet de suivre l\u2019\u00e9volution du patient apr\u00e8s son retour \u00e0 domicile en fonction de sa pathologie et\/ou de son intervention gr\u00e2ce \u00e0 des questionnaires","_links":{"self":[{"href":"https:\/\/grace-asso.fr\/en\/wp-json\/wp\/v2\/pages\/13255","targetHints":{"allow":["GET"]}}],"collection":[{"href":"https:\/\/grace-asso.fr\/en\/wp-json\/wp\/v2\/pages"}],"about":[{"href":"https:\/\/grace-asso.fr\/en\/wp-json\/wp\/v2\/types\/page"}],"author":[{"embeddable":true,"href":"https:\/\/grace-asso.fr\/en\/wp-json\/wp\/v2\/users\/8"}],"replies":[{"embeddable":true,"href":"https:\/\/grace-asso.fr\/en\/wp-json\/wp\/v2\/comments?post=13255"}],"version-history":[{"count":1,"href":"https:\/\/grace-asso.fr\/en\/wp-json\/wp\/v2\/pages\/13255\/revisions"}],"predecessor-version":[{"id":13256,"href":"https:\/\/grace-asso.fr\/en\/wp-json\/wp\/v2\/pages\/13255\/revisions\/13256"}],"up":[{"embeddable":true,"href":"https:\/\/grace-asso.fr\/en\/wp-json\/wp\/v2\/pages\/13208"}],"wp:attachment":[{"href":"https:\/\/grace-asso.fr\/en\/wp-json\/wp\/v2\/media?parent=13255"}],"curies":[{"name":"wp","href":"https:\/\/api.w.org\/{rel}","templated":true}]}}