{"id":13259,"date":"2019-03-29T11:29:35","date_gmt":"2019-03-29T11:29:35","guid":{"rendered":"https:\/\/grace-asso.fr\/on-a-teste-pour-vous\/cloe-sas"},"modified":"2019-03-29T11:29:36","modified_gmt":"2019-03-29T11:29:36","slug":"cloe-sas","status":"publish","type":"page","link":"https:\/\/grace-asso.fr\/en\/on-a-teste-pour-vous\/cloe-sas","title":{"rendered":"Clo\u00e9 SAS"},"content":{"rendered":"<div class=\"wpb-content-wrapper\"><p>[vc_row][vc_column][vc_column_text css=&#8221;.vc_custom_1523891055932{padding-right: 20px !important;padding-left: 20px !important;}&#8221;]<\/p>\n<h2 class=\"field-content\">Clo\u00e9 SAS<\/h2>\n<p><strong><img loading=\"lazy\" decoding=\"async\" class=\"size-full wp-image-3157 alignleft\" src=\"https:\/\/grace-asso.fr\/wp-content\/uploads\/2018\/04\/cloe-sas.jpg\" alt=\"\" width=\"200\" height=\"150\" \/>\u00c9diteur, Soci\u00e9t\u00e9<br \/>\n<\/strong><a href=\"https:\/\/www.softsante.fr\/cloe-sas\" target=\"_blank\" rel=\"noopener\">Soft Sant\u00e9<\/a><\/p>\n<p><strong>Principe<br \/>\n<\/strong><\/p>\n<p>Il s\u2019agit d\u2019une plateforme web s\u00e9curis\u00e9e, permettant de suivre chronologiquement l\u2019\u00e9volution des patients op\u00e9r\u00e9s, sur l\u2019ensemble de leur parcours, dans la continuit\u00e9 du Dossier Patient Informatis\u00e9 (DPI). On a ainsi acc\u00e8s au cours du suivi aux pi\u00e8ces du dossier d\u2019hospitalisation (compte-rendu op\u00e9ratoire, d\u2019hospitalisation\u2026).<\/p>\n<p>Protocoles existants : oui par pathologie, modifiables par les praticiens en faisant varier les items de surveillances mais \u00e9galement la fr\u00e9quence de surveillance et la graduation des alertes. Les questionnaires quotidiens comportent beaucoup de questions dont la pertinence clinique est parfois moyenne. La surveillance des pathologies chroniques est possible \u00e9galement.<\/p>\n<p><strong>Syst\u00e8me d\u2019exploitation<br \/>\n<\/strong>Mac, Windows\u2026<\/p>\n<p><strong>Langues disponibles<\/strong><br \/>\nFran\u00e7ais pour le moment, anglais \u00e0 venir<\/p>\n<p><strong>Support (mobile, tablette\u2026)<br \/>\n<\/strong>Smartphone Android ou Iphone, tablette, ordinateur avec navigateur et r\u00e9seau internet. Pas d&#8217;objets connect\u00e9s pour le moment.<\/p>\n<p><strong>Interlocuteur ou cible de l\u2019appli<br \/>\n<\/strong>Clo\u00e9 SAS peut intervenir en amont de la chirurgie pour pr\u00e9parer au mieux l\u2019organisation de l\u2019hospitalisation, il peut \u00e9galement d\u00e9tecter les situations cliniques devant faire annuler le geste (fi\u00e8vre\u2026). En post-op\u00e9ratoire, la surveillance peut \u00eatre faite par le patient lui-m\u00eame \u00e0 l\u2019aide de questionnaires quotidiens (auto-surveillance) ou confi\u00e9e \u00e0 une infirmi\u00e8re lib\u00e9rale qui va remplir une grille d\u2019observation par des mesures de constantes et des \u00e9l\u00e9ments cliniques en fonction du souhait du chirurgien et de la complexit\u00e9 de la prise en charge.<\/p>\n<p><strong>Co\u00fbt par patient ou par an<br \/>\n<\/strong>non communicable<\/p>\n<p><strong>Ergonomie et charte graphique<br \/>\n<\/strong>Facile d\u2019utilisation apr\u00e8s une formation initiale pour les prises en charges classiques, complexe si l\u2019on veut pouvoir utiliser l\u2019ensemble des fonctionnalit\u00e9s. La connexion quotidienne du Patient est rendu \u00ab Lourde \u00bb par la n\u00e9cessit\u00e9 de rentrer beaucoup de donn\u00e9es administratives (identifiant, mode passe, Nom, pr\u00e9nom et date de naissance !). Interface et feuille de bord agr\u00e9able, codes couleurs sur l\u2019\u00e9chelle chronologique de surveillance intuitifs<\/p>\n<p><strong>Confidentialit\u00e9<br \/>\n<\/strong>Les donn\u00e9es de sant\u00e9 sont stock\u00e9es chez un h\u00e9bergeur agr\u00e9\u00e9 HADS : SOFTWAY MEDICAL. Ce stockage du fichier est d\u00e9clar\u00e9 \u00e0 la CNIL par l\u2019\u00e9tablissement en d\u00e9but d\u2019utilisation \u00e0 l\u2019aide d\u2019un formulaire.<\/p>\n<p><strong>Stabilit\u00e9<br \/>\n<\/strong>Lors du test, nous avons rencontr\u00e9 plusieurs Bugs pouvant g\u00eaner la fluidit\u00e9 du remplissage et de la surveillance<\/p>\n<p><strong>Donn\u00e9es m\u00e9dicales surveill\u00e9es<br \/>\n<\/strong> En plus des donn\u00e9es cliniques classiques (douleurs, naus\u00e9es\u2026), on peut surveiller par l\u2019interm\u00e9diaire de l\u2019infirmi\u00e8re \u00e0 domicile du patient un vaste panel de constantes h\u00e9modynamiques comme lors d\u2019une hospitalisation classique. Le chirurgien ou la personne en charge de la surveillance dans l\u2019\u00e9tablissement a acc\u00e8s en permanence \u00e0 cette plateforme pour consulter les informations relev\u00e9es avec leur niveau d\u2019alerte visible sur la frise chronologique. La remont\u00e9e des alertes peut se faire par SMS ou mail en fonction du choix de l\u2019\u00e9tablissement.[\/vc_column_text][\/vc_column][\/vc_row][vc_row][vc_column][vc_column_text]<br \/>\n[\/vc_column_text][\/vc_column][\/vc_row][vc_row el_id=&#8221;TOMOVE&#8221;][vc_column width=&#8221;1\/2&#8243;][vc_column_text]<\/p>\n<h3 style=\"text-align: center;\"><span style=\"color: #008000;\">Les +<\/span><\/h3>\n<p>[\/vc_column_text][vc_separator color=&#8221;green&#8221; css=&#8221;.vc_custom_1522156724897{padding-right: 5px !important;padding-left: 5px !important;}&#8221;][vc_column_text css=&#8221;.vc_custom_1523891082636{padding-top: 30px !important;padding-right: 20px !important;padding-left: 20px !important;}&#8221;]<\/p>\n<ul>\n<li>Le mode Dossier Partag\u00e9 par l\u2019\u00e9tablissement dans la continuit\u00e9 du DPI utilis\u00e9 lors du s\u00e9jour. Cet atout permet r\u00e9ellement de cr\u00e9er le Lien P\u00e9ri-Op\u00e9ratoire ce qui le distingue des autres logiciels. L\u2019infirmi\u00e8re lib\u00e9rale et le m\u00e9decin traitant auront ainsi acc\u00e8s \u00e0 des donn\u00e9es souvent difficiles \u00e0 obtenir pour eux.<\/li>\n<li>L\u2019interface est agr\u00e9able et les codes couleurs ainsi que les rep\u00e8res chronologiques utilis\u00e9s facilitent la surveillance lorsque le professionnel de sant\u00e9 se connecte r\u00e9guli\u00e8rement sur la plateforme au cours du suivi<\/li>\n<\/ul>\n<p>[\/vc_column_text][\/vc_column][vc_column width=&#8221;1\/2&#8243;][vc_column_text]<\/p>\n<h3 style=\"text-align: center;\"><span style=\"color: #ff0000;\">Les &#8211;<\/span><\/h3>\n<p>[\/vc_column_text][vc_separator color=&#8221;custom&#8221; accent_color=&#8221;#dd3333&#8243; css=&#8221;.vc_custom_1522156718315{padding-right: 5px !important;padding-left: 5px !important;}&#8221;][vc_column_text css=&#8221;.vc_custom_1523891097850{padding-top: 30px !important;padding-right: 20px !important;padding-left: 20px !important;}&#8221;]<\/p>\n<ul>\n<li>La connexion \u00ab Patient \u00bb est trop lourde<\/li>\n<li>Les donn\u00e9es cliniques recueillies lors des questionnaires quotidiens sont d\u2019une pertinence moyenne demandant \u00e0 \u00eatre retravaill\u00e9es<\/li>\n<li>Les bugs et les difficult\u00e9s rencontr\u00e9es en mode d\u00e9grad\u00e9 (connexion internet instable) rendent parfois le remplissage des questionnaires laborieux<\/li>\n<\/ul>\n<p>[\/vc_column_text][\/vc_column][\/vc_row][vc_row][vc_column][vc_column_text]<br \/>\n[\/vc_column_text][\/vc_column][\/vc_row][vc_row][vc_column css=&#8221;.vc_custom_1522157025564{padding-top: 30px !important;padding-bottom: 30px !important;}&#8221;][\/vc_column][\/vc_row]<\/p>\n<\/div>","protected":false},"excerpt":{"rendered":"<p>[vc_row][vc_column][vc_column_text css=&#8221;.vc_custom_1523891055932{padding-right: 20px !important;padding-left: 20px !important;}&#8221;] Clo\u00e9 SAS \u00c9diteur, Soci\u00e9t\u00e9 Soft Sant\u00e9 Principe Il s\u2019agit d\u2019une plateforme web s\u00e9curis\u00e9e, permettant de suivre chronologiquement l\u2019\u00e9volution des patients op\u00e9r\u00e9s, sur l\u2019ensemble de leur parcours, dans la continuit\u00e9 du Dossier Patient Informatis\u00e9 (DPI). On a ainsi acc\u00e8s au cours du suivi aux pi\u00e8ces du dossier d\u2019hospitalisation (compte-rendu op\u00e9ratoire,<\/p>\n","protected":false},"author":1,"featured_media":0,"parent":13208,"menu_order":0,"comment_status":"closed","ping_status":"closed","template":"","meta":{"_acf_changed":false,"_seopress_robots_primary_cat":"","_seopress_titles_title":"","_seopress_titles_desc":"","_seopress_robots_index":"","footnotes":""},"class_list":["post-13259","page","type-page","status-publish","hentry"],"acf":[],"rttpg_featured_image_url":null,"rttpg_author":{"display_name":"grc","author_link":"https:\/\/grace-asso.fr\/en\/author\/grc"},"rttpg_comment":0,"rttpg_category":false,"rttpg_excerpt":"[vc_row][vc_column][vc_column_text css=&#8221;.vc_custom_1523891055932{padding-right: 20px !important;padding-left: 20px !important;}&#8221;] Clo\u00e9 SAS \u00c9diteur, Soci\u00e9t\u00e9 Soft Sant\u00e9 Principe Il s\u2019agit d\u2019une plateforme web s\u00e9curis\u00e9e, permettant de suivre chronologiquement l\u2019\u00e9volution des patients op\u00e9r\u00e9s, sur l\u2019ensemble de leur parcours, dans la continuit\u00e9 du Dossier Patient Informatis\u00e9 (DPI). On a ainsi acc\u00e8s au cours du suivi aux pi\u00e8ces du dossier d\u2019hospitalisation (compte-rendu op\u00e9ratoire,","_links":{"self":[{"href":"https:\/\/grace-asso.fr\/en\/wp-json\/wp\/v2\/pages\/13259","targetHints":{"allow":["GET"]}}],"collection":[{"href":"https:\/\/grace-asso.fr\/en\/wp-json\/wp\/v2\/pages"}],"about":[{"href":"https:\/\/grace-asso.fr\/en\/wp-json\/wp\/v2\/types\/page"}],"author":[{"embeddable":true,"href":"https:\/\/grace-asso.fr\/en\/wp-json\/wp\/v2\/users\/1"}],"replies":[{"embeddable":true,"href":"https:\/\/grace-asso.fr\/en\/wp-json\/wp\/v2\/comments?post=13259"}],"version-history":[{"count":1,"href":"https:\/\/grace-asso.fr\/en\/wp-json\/wp\/v2\/pages\/13259\/revisions"}],"predecessor-version":[{"id":13260,"href":"https:\/\/grace-asso.fr\/en\/wp-json\/wp\/v2\/pages\/13259\/revisions\/13260"}],"up":[{"embeddable":true,"href":"https:\/\/grace-asso.fr\/en\/wp-json\/wp\/v2\/pages\/13208"}],"wp:attachment":[{"href":"https:\/\/grace-asso.fr\/en\/wp-json\/wp\/v2\/media?parent=13259"}],"curies":[{"name":"wp","href":"https:\/\/api.w.org\/{rel}","templated":true}]}}