{"id":13263,"date":"2019-03-29T11:31:19","date_gmt":"2019-03-29T11:31:19","guid":{"rendered":"https:\/\/grace-asso.fr\/on-a-teste-pour-vous\/linde-medical-direct"},"modified":"2019-03-29T11:31:21","modified_gmt":"2019-03-29T11:31:21","slug":"linde-medical-direct","status":"publish","type":"page","link":"https:\/\/grace-asso.fr\/en\/on-a-teste-pour-vous\/linde-medical-direct","title":{"rendered":"Linde Medical Direct"},"content":{"rendered":"<div class=\"wpb-content-wrapper\"><p>[vc_row][vc_column][vc_column_text css=&#8221;.vc_custom_1522312108640{padding-right: 20px !important;padding-left: 20px !important;}&#8221;]<\/p>\n<h2 class=\"field-content\">Linde Medical Direct<\/h2>\n<p><img loading=\"lazy\" decoding=\"async\" class=\"size-full wp-image-2985 alignleft\" src=\"https:\/\/grace-asso.fr\/wp-content\/uploads\/2018\/03\/applis-linde_medical_direct.jpg\" alt=\"\" width=\"200\" height=\"150\" \/><strong>\u00c9diteur, Soci\u00e9t\u00e9<br \/>\n<\/strong><a href=\"http:\/\/www.lindehomecare.fr\/fr\/index.html\" target=\"_blank\" rel=\"noopener\">Soci\u00e9t\u00e9 Linde Homecare France sp\u00e9cialis\u00e9e en assistance m\u00e9dico-technique respiratoire \u00e0 domicile.<\/a><\/p>\n<p><strong>Principe<br \/>\n<\/strong>Outil num\u00e9rique d\u2019aide au suivi et \u00e0 la gestion de traitement respiratoire \u00e0 domicile.<\/p>\n<p><strong>Syst\u00e8me d\u2019exploitation<br \/>\n<\/strong>Compatible avec les supports ordinateurs, mobiles et tablettes sous Windows, Mac OS ou IOS, Android. Compatible avec la plupart des navigateurs les plus courants (Internet explorer v10, Microsoft Edge, Google Chrome v25, Apple Safari, Mozilla Firefox v25\u2026<\/p>\n<p><strong>Langues disponibles<br \/>\n<\/strong>Fran\u00e7ais<\/p>\n<p><strong>Support (mobile, tablette\u2026)<br \/>\n<\/strong>Mobile<\/p>\n<p><strong>Interlocuteur ou cible de l\u2019appli<br \/>\n<\/strong>Dans le cadre d\u2019un protocole RAAC ou d\u2019un syndrome d\u2019apn\u00e9e du sommeil, une VNI (BIBAP) peut \u00eatre prescrite \u00e0 domicile en p\u00e9riode pr\u00e9 et post-op\u00e9ratoire afin de pr\u00e9parer au mieux le patient \u00e0 une intervention lourde (oesophagectomie, chirurgie bariatrique\u2026) surtout en cas d\u2019hypercapnie ou d\u2019insuffisance respiratoire chronique. D\u00e8s la prescription faite, un technicien installe le mat\u00e9riel et \u00e9duque le patient. Le m\u00e9decin peut alors suivre l\u2019\u00e9volution du patient gr\u00e2ce au portail web LMD. Cette plateforme le renseigne sur le type de mat\u00e9riel install\u00e9, l\u2019observance et l\u2019adh\u00e9sion au traitement, les documents administratifs et les donn\u00e9es machines (il s\u2019agit d\u2019\u00ab appareils connect\u00e9s \u00bb) (ex : pr\u00e9sence de fuites, nombre d\u2019apn\u00e9es\u2026).<\/p>\n<p><strong>Co\u00fbt par patient ou par an<br \/>\n<\/strong>L\u2019acc\u00e8s au portail web est offert par le prestataire, le co\u00fbt est compris dans la prise en charge (financement par l\u2019assurance maladie). Il n\u2019y a pas de reste \u00e0 charge pour le patient ou le prescripteur.<\/p>\n<p><strong>Ergonomie et charte graphique<br \/>\n<\/strong>Sur le portail, la terminologie employ\u00e9e pour les onglets et les diff\u00e9rentes fonctions n\u2019est pas intuitive mais on parvient, sans trop de mal, \u00e0 obtenir une vue d\u2019ensemble des patients b\u00e9n\u00e9ficiant d\u2019une th\u00e9rapie en cours ou finalis\u00e9e. Charte graphique : terne, aspect d\u00e9pouill\u00e9 sur la page d\u2019accueil de la plateforme<\/p>\n<p><strong>Confidentialit\u00e9<br \/>\n<\/strong>L\u2019acc\u00e8s est contr\u00f4l\u00e9 par une identification par Login\/mot de passe. Avant la premi\u00e8re utilisation, un contrat avec les conditions g\u00e9n\u00e9rales d\u2019utilisation d\u00e9taill\u00e9es est sign\u00e9 entre le prestataire et le prescripteur. La notion de partage d\u2019informations li\u00e9es aux dossiers de la patient\u00e8le avec d\u2019autres confr\u00e8res est soumise \u00e0 autorisation. La protection des donn\u00e9es a \u00e9t\u00e9 d\u00e9clar\u00e9e \u00e0 la CNIL. Le nom de l\u2019h\u00e9bergeur des donn\u00e9es n\u2019est pas pr\u00e9cis\u00e9 dans le contrat<\/p>\n<p><strong>Stabilit\u00e9<br \/>\n<\/strong>A priori stable<\/p>\n<p><strong>Donn\u00e9es m\u00e9dicales surveill\u00e9es<br \/>\n<\/strong>Pour le moment, elles se limitent \u00e0 la dur\u00e9e de traitement et au r\u00e9glage de la machine de VNI.[\/vc_column_text][\/vc_column][\/vc_row][vc_row][vc_column][vc_column_text]<br \/>\n[\/vc_column_text][\/vc_column][\/vc_row][vc_row el_id=&#8221;TOMOVE&#8221;][vc_column width=&#8221;1\/2&#8243;][vc_column_text]<\/p>\n<h3 style=\"text-align: center;\"><span style=\"color: #008000;\">Les +<\/span><\/h3>\n<p>[\/vc_column_text][vc_separator color=&#8221;green&#8221; css=&#8221;.vc_custom_1522156724897{padding-right: 5px !important;padding-left: 5px !important;}&#8221;][vc_column_text css=&#8221;.vc_custom_1522156499535{padding-top: 30px !important;padding-right: 20px !important;padding-left: 20px !important;}&#8221;]<\/p>\n<ul>\n<li>Outil pionnier dans le t\u00e9l\u00e9 suivi d\u2019une th\u00e9rapie respiratoire \u00e0 domicile au cours de la p\u00e9riode p\u00e9ri-op\u00e9ratoire.<\/li>\n<li>Installation, mise en place de la th\u00e9rapie et remont\u00e9e d\u2019information sur le portail web tr\u00e8s rapide. Il n\u2019y a pas ou peu de d\u00e9lai d\u2019attente entre la prescription t\u00e9l\u00e9phonique et l\u2019installation du mat\u00e9riel et la cr\u00e9ation du dossier sur le portail web.<\/li>\n<li>Une astreinte par t\u00e9l\u00e9phone ou au domicile est pr\u00e9sente 24h\/24 et 7j\/7.<\/li>\n<li>Pas de surco\u00fbt li\u00e9 \u00e0 la mise \u00e0 disposition du portail web.<\/li>\n<\/ul>\n<p>[\/vc_column_text][\/vc_column][vc_column width=&#8221;1\/2&#8243;][vc_column_text]<\/p>\n<h3 style=\"text-align: center;\"><span style=\"color: #ff0000;\">Les &#8211;<\/span><\/h3>\n<p>[\/vc_column_text][vc_separator color=&#8221;custom&#8221; accent_color=&#8221;#dd3333&#8243; css=&#8221;.vc_custom_1522156718315{padding-right: 5px !important;padding-left: 5px !important;}&#8221;][vc_column_text css=&#8221;.vc_custom_1522156594358{padding-top: 30px !important;padding-right: 20px !important;padding-left: 20px !important;}&#8221;]<\/p>\n<ul>\n<li>Pour le moment, cet outil num\u00e9rique est peu intuitif et assez terne. Il se contente, de renseigner le prescripteur sur les donn\u00e9es administratives et r\u00e9glementaires li\u00e9es \u00e0 la mise en place de la th\u00e9rapie \u00e0 domicile.<\/li>\n<li>Pour une utilisation en tant que kin\u00e9sith\u00e9rapie p\u00e9ri-op\u00e9ratoire, on aimerait conna\u00eetre le taux d\u2019observance \u00e0 un programme de pr\u00e9-habilitation respiratoire ou l\u2019am\u00e9lioration des capacit\u00e9s respiratoires or les donn\u00e9es des machines connect\u00e9es ne sont pas transmises ou ne sont pas \u00e9dit\u00e9es sur le portail web.<\/li>\n<li>Il n\u2019y a pas de fonction de remont\u00e9e d\u2019alerte sur le portail web en cas de probl\u00e8me.<\/li>\n<\/ul>\n<p>[\/vc_column_text][\/vc_column][\/vc_row][vc_row][vc_column][vc_column_text]<br \/>\n[\/vc_column_text][\/vc_column][\/vc_row][vc_row][vc_column css=&#8221;.vc_custom_1522157025564{padding-top: 30px !important;padding-bottom: 30px !important;}&#8221;][\/vc_column][\/vc_row]<\/p>\n<\/div>","protected":false},"excerpt":{"rendered":"<p>[vc_row][vc_column][vc_column_text css=&#8221;.vc_custom_1522312108640{padding-right: 20px !important;padding-left: 20px !important;}&#8221;] Linde Medical Direct \u00c9diteur, Soci\u00e9t\u00e9 Soci\u00e9t\u00e9 Linde Homecare France sp\u00e9cialis\u00e9e en assistance m\u00e9dico-technique respiratoire \u00e0 domicile. Principe Outil num\u00e9rique d\u2019aide au suivi et \u00e0 la gestion de traitement respiratoire \u00e0 domicile. Syst\u00e8me d\u2019exploitation Compatible avec les supports ordinateurs, mobiles et tablettes sous Windows, Mac OS ou IOS, Android. Compatible<\/p>\n","protected":false},"author":1,"featured_media":0,"parent":13208,"menu_order":0,"comment_status":"closed","ping_status":"closed","template":"","meta":{"_acf_changed":false,"_seopress_robots_primary_cat":"","_seopress_titles_title":"","_seopress_titles_desc":"","_seopress_robots_index":"","footnotes":""},"class_list":["post-13263","page","type-page","status-publish","hentry"],"acf":[],"rttpg_featured_image_url":null,"rttpg_author":{"display_name":"grc","author_link":"https:\/\/grace-asso.fr\/en\/author\/grc"},"rttpg_comment":0,"rttpg_category":false,"rttpg_excerpt":"[vc_row][vc_column][vc_column_text css=&#8221;.vc_custom_1522312108640{padding-right: 20px !important;padding-left: 20px !important;}&#8221;] Linde Medical Direct \u00c9diteur, Soci\u00e9t\u00e9 Soci\u00e9t\u00e9 Linde Homecare France sp\u00e9cialis\u00e9e en assistance m\u00e9dico-technique respiratoire \u00e0 domicile. Principe Outil num\u00e9rique d\u2019aide au suivi et \u00e0 la gestion de traitement respiratoire \u00e0 domicile. Syst\u00e8me d\u2019exploitation Compatible avec les supports ordinateurs, mobiles et tablettes sous Windows, Mac OS ou IOS, Android. Compatible","_links":{"self":[{"href":"https:\/\/grace-asso.fr\/en\/wp-json\/wp\/v2\/pages\/13263","targetHints":{"allow":["GET"]}}],"collection":[{"href":"https:\/\/grace-asso.fr\/en\/wp-json\/wp\/v2\/pages"}],"about":[{"href":"https:\/\/grace-asso.fr\/en\/wp-json\/wp\/v2\/types\/page"}],"author":[{"embeddable":true,"href":"https:\/\/grace-asso.fr\/en\/wp-json\/wp\/v2\/users\/1"}],"replies":[{"embeddable":true,"href":"https:\/\/grace-asso.fr\/en\/wp-json\/wp\/v2\/comments?post=13263"}],"version-history":[{"count":1,"href":"https:\/\/grace-asso.fr\/en\/wp-json\/wp\/v2\/pages\/13263\/revisions"}],"predecessor-version":[{"id":13264,"href":"https:\/\/grace-asso.fr\/en\/wp-json\/wp\/v2\/pages\/13263\/revisions\/13264"}],"up":[{"embeddable":true,"href":"https:\/\/grace-asso.fr\/en\/wp-json\/wp\/v2\/pages\/13208"}],"wp:attachment":[{"href":"https:\/\/grace-asso.fr\/en\/wp-json\/wp\/v2\/media?parent=13263"}],"curies":[{"name":"wp","href":"https:\/\/api.w.org\/{rel}","templated":true}]}}