{"id":13267,"date":"2019-03-29T11:32:43","date_gmt":"2019-03-29T11:32:43","guid":{"rendered":"https:\/\/grace-asso.fr\/on-a-teste-pour-vous\/maela"},"modified":"2019-03-29T11:32:43","modified_gmt":"2019-03-29T11:32:43","slug":"maela","status":"publish","type":"page","link":"https:\/\/grace-asso.fr\/en\/on-a-teste-pour-vous\/maela","title":{"rendered":"Maela"},"content":{"rendered":"<div class=\"wpb-content-wrapper\"><p>[vc_row][vc_column][vc_column_text css=&#8221;.vc_custom_1523891564960{padding-right: 20px !important;padding-left: 20px !important;}&#8221;]<\/p>\n<h2 class=\"field-content\">Maela<\/h2>\n<p><strong><img loading=\"lazy\" decoding=\"async\" class=\"size-full wp-image-3158 alignleft\" src=\"https:\/\/grace-asso.fr\/wp-content\/uploads\/2018\/04\/appli-maela.jpg\" alt=\"\" width=\"200\" height=\"150\" \/>\u00c9diteur, Soci\u00e9t\u00e9<br \/>\n<\/strong><a href=\"http:\/\/www.maela.fr\/\" target=\"_blank\" rel=\"noopener\">Maela SAS<\/a><\/p>\n<p><strong>Principe<br \/>\n<\/strong><\/p>\n<p>Gr\u00e2ce \u00e0 une plateforme s\u00e9curis\u00e9e, \u00e0 l\u2019utilisation des objets connect\u00e9s et \u00e0 un centre de suivi infirmier 24h\/24, les patients op\u00e9r\u00e9s peuvent \u00eatre surveill\u00e9s \u00e0 distance, sur l\u2019ensemble de leurs parcours, de la phase pr\u00e9op\u00e9ratoire pour faciliter leur admission et leur pr\u00e9paration mais aussi apr\u00e8s l\u2019intervention dans le cadre d\u2019un suivi personnalis\u00e9.<\/p>\n<p><strong>Syst\u00e8me d\u2019exploitation<br \/>\n<\/strong>Mac, Windows\u2026<\/p>\n<p><strong>Langues disponibles<\/strong><br \/>\nfran\u00e7ais, anglais<\/p>\n<p><strong>Support (mobile, tablette\u2026)<br \/>\n<\/strong>Smartphone Android ou MacOS, tablette, ordinateur avec navigateur et r\u00e9seau internet. Objets connect\u00e9s : oui, thermom\u00e8tre et tensiom\u00e8tre sans fil d\u00e9j\u00e0 en routine.<\/p>\n<p><strong>Interlocuteur ou cible de l\u2019appli<br \/>\n<\/strong>La surveillance peut se faire sur une plateforme web mais l\u2019int\u00e9r\u00eat pour le patient est de t\u00e9l\u00e9charger une appli \u00ab Patient \u00bb qui lui permettra de renseigner ses \u00e9l\u00e9ments administratifs et de recevoir des informations sur le d\u00e9rouler de son hospitalisation et l\u2019intervention. Apr\u00e8s l\u2019op\u00e9ration, selon le niveau de suivi choisi et des donn\u00e9es n\u00e9cessaires, une mallette contenant des objets connect\u00e9s peut \u00eatre remise au patient. A domicile, le protocole de suivi (Questionnaires, rappels de traitements, prise de mesures ou de photo) s\u2019enclenche automatiquement. Le patient peut \u00e9galement \u00e9changer en permanence avec une plateforme infirmi\u00e8re d\u00e9di\u00e9e (\u00e9quipe d\u2019astreinte du prestataire M\u00e9dicile ou une \u00e9quipe d\u2019infirmi\u00e8re de l\u2019\u00e9tablissement hospitalier) pour demander des conseils. Cette permanence infirmi\u00e8re surveille ses donn\u00e9es 24h\/24.<\/p>\n<p><strong>Co\u00fbt par patient ou par an<br \/>\n<\/strong>non communiqu\u00e9<\/p>\n<p><strong>Ergonomie et charte graphique<br \/>\n<\/strong>La navigation sur les appli \u00ab Pro \u00bb et \u00ab Patient \u00bb est plut\u00f4t intuitive. En cas de questionnaire non rempli, il est parfois difficile de retrouver la t\u00e2che exacte \u00e0 r\u00e9aliser. La prise en main initiale est complexe. Il faut d\u2019abord choisir les protocoles en fonction du type d\u2019intervention \u00e0 surveiller puis on les modifie \u00e0 souhait (parfois long et complexe) et enfin on les enregistre avant d\u2019inclure les premiers patients. Charte graphique est douce, agr\u00e9able voir enfantine.<\/p>\n<p><strong>Confidentialit\u00e9<br \/>\n<\/strong>Le chirurgien a \u00e9galement t\u00e9l\u00e9charg\u00e9 son appli \u00ab PRO \u00bb. Il peut consulter les donn\u00e9es cliniques renseign\u00e9es par le patient. Il re\u00e7oit \u00e9galement des alertes en fonction de la gravit\u00e9 des situations par mail ou sur son appli. Il peut \u00eatre contact\u00e9 directement par t\u00e9l\u00e9phone par l\u2019astreinte du r\u00e9seau d\u2019infirmi\u00e8re d\u00e9di\u00e9e. Les donn\u00e9es de sant\u00e9 sont stock\u00e9es chez un h\u00e9bergeur agr\u00e9\u00e9 HADS : Santeos. Ce stockage est d\u00e9clar\u00e9 \u00e0 la CNIL. La connexion sur l\u2019appli \u00ab Pro \u00bb ou \u00ab Patient \u00bb n\u00e9cessite une authentification \u00ab forte \u00bb avec identifiant \/mot de passe et code OTP (envoy\u00e9 sur le smartphone)<\/p>\n<p><strong>Stabilit\u00e9<br \/>\n<\/strong>\u00c0 priori stable<\/p>\n<p><strong>Donn\u00e9es m\u00e9dicales surveill\u00e9es<br \/>\n<\/strong>Nombreuses. En plus des donn\u00e9es cliniques classiques (douleurs, naus\u00e9es\u2026), on peut surveiller par l\u2019interm\u00e9diaire de l\u2019infirmi\u00e8re \u00e0 domicile du patient, la temp\u00e9rature, la tension art\u00e9rielle, la diur\u00e8se des 24 heures, la glyc\u00e9mie, le poids et l\u2019IMC, la quantit\u00e9 de liquide recueillie par un drain, la saturation en oxyg\u00e8ne et le pouls ! Protocoles existants : oui par pathologie, modifiables par les praticiens en faisant varier les items de surveillances mais \u00e9galement la fr\u00e9quence de surveillance et la graduation des alertes. L\u2019outil offre une possibilit\u00e9 de param\u00e9trer la surveillance de mani\u00e8re tr\u00e8s large.[\/vc_column_text][\/vc_column][\/vc_row][vc_row][vc_column][vc_column_text]<br \/>\n[\/vc_column_text][\/vc_column][\/vc_row][vc_row el_id=&#8221;TOMOVE&#8221;][vc_column width=&#8221;1\/2&#8243;][vc_column_text]<\/p>\n<h3 style=\"text-align: center;\"><span style=\"color: #008000;\">Les +<\/span><\/h3>\n<p>[\/vc_column_text][vc_separator color=&#8221;green&#8221; css=&#8221;.vc_custom_1522156724897{padding-right: 5px !important;padding-left: 5px !important;}&#8221;][vc_column_text css=&#8221;.vc_custom_1523891578679{padding-top: 30px !important;padding-right: 20px !important;padding-left: 20px !important;}&#8221;]<\/p>\n<ul>\n<li>La saisie des donn\u00e9es \u00ab patient \u00bb est simple<\/li>\n<li>Beaucoup de prise en charge diverses sont \u00e9ligibles<\/li>\n<li>Le choix de param\u00e8tre tr\u00e8s large en fait un outil puissant<\/li>\n<li>La surveillance infirmi\u00e8re 24h\/24h est bien r\u00e9elle et efficace : contact t\u00e9l\u00e9phonique agr\u00e9able et professionnel<\/li>\n<\/ul>\n<p>[\/vc_column_text][\/vc_column][vc_column width=&#8221;1\/2&#8243;][vc_column_text]<\/p>\n<h3 style=\"text-align: center;\"><span style=\"color: #ff0000;\">Les &#8211;<\/span><\/h3>\n<p>[\/vc_column_text][vc_separator color=&#8221;custom&#8221; accent_color=&#8221;#dd3333&#8243; css=&#8221;.vc_custom_1522156718315{padding-right: 5px !important;padding-left: 5px !important;}&#8221;][vc_column_text css=&#8221;.vc_custom_1523891589253{padding-top: 30px !important;padding-right: 20px !important;padding-left: 20px !important;}&#8221;]<\/p>\n<ul>\n<li>le param\u00e9trage des premiers protocoles est difficile malgr\u00e9 l\u2019aide de 3 tutoriels vid\u00e9o en ligne<\/li>\n<li>un relev\u00e9 d\u2019alertes est envoy\u00e9 tous les matins de mani\u00e8re syst\u00e9matique, m\u00eame s\u2019il n\u2019y a pas eu de probl\u00e8me ce qui alourdit la prise en charge car non pertinent (fr\u00e9quence de ce relev\u00e9 \u00e9galement param\u00e9trable)<\/li>\n<\/ul>\n<p>[\/vc_column_text][\/vc_column][\/vc_row][vc_row][vc_column][vc_column_text]<br \/>\n[\/vc_column_text][\/vc_column][\/vc_row][vc_row][vc_column css=&#8221;.vc_custom_1522157025564{padding-top: 30px !important;padding-bottom: 30px !important;}&#8221;][\/vc_column][\/vc_row]<\/p>\n<\/div>","protected":false},"excerpt":{"rendered":"<p>[vc_row][vc_column][vc_column_text css=&#8221;.vc_custom_1523891564960{padding-right: 20px !important;padding-left: 20px !important;}&#8221;] Maela \u00c9diteur, Soci\u00e9t\u00e9 Maela SAS Principe Gr\u00e2ce \u00e0 une plateforme s\u00e9curis\u00e9e, \u00e0 l\u2019utilisation des objets connect\u00e9s et \u00e0 un centre de suivi infirmier 24h\/24, les patients op\u00e9r\u00e9s peuvent \u00eatre surveill\u00e9s \u00e0 distance, sur l\u2019ensemble de leurs parcours, de la phase pr\u00e9op\u00e9ratoire pour faciliter leur admission et leur pr\u00e9paration mais<\/p>\n","protected":false},"author":1,"featured_media":0,"parent":13208,"menu_order":0,"comment_status":"closed","ping_status":"closed","template":"","meta":{"_acf_changed":false,"_seopress_robots_primary_cat":"","_seopress_titles_title":"","_seopress_titles_desc":"","_seopress_robots_index":"","footnotes":""},"class_list":["post-13267","page","type-page","status-publish","hentry"],"acf":[],"rttpg_featured_image_url":null,"rttpg_author":{"display_name":"grc","author_link":"https:\/\/grace-asso.fr\/en\/author\/grc"},"rttpg_comment":0,"rttpg_category":false,"rttpg_excerpt":"[vc_row][vc_column][vc_column_text css=&#8221;.vc_custom_1523891564960{padding-right: 20px !important;padding-left: 20px !important;}&#8221;] Maela \u00c9diteur, Soci\u00e9t\u00e9 Maela SAS Principe Gr\u00e2ce \u00e0 une plateforme s\u00e9curis\u00e9e, \u00e0 l\u2019utilisation des objets connect\u00e9s et \u00e0 un centre de suivi infirmier 24h\/24, les patients op\u00e9r\u00e9s peuvent \u00eatre surveill\u00e9s \u00e0 distance, sur l\u2019ensemble de leurs parcours, de la phase pr\u00e9op\u00e9ratoire pour faciliter leur admission et leur pr\u00e9paration mais","_links":{"self":[{"href":"https:\/\/grace-asso.fr\/en\/wp-json\/wp\/v2\/pages\/13267","targetHints":{"allow":["GET"]}}],"collection":[{"href":"https:\/\/grace-asso.fr\/en\/wp-json\/wp\/v2\/pages"}],"about":[{"href":"https:\/\/grace-asso.fr\/en\/wp-json\/wp\/v2\/types\/page"}],"author":[{"embeddable":true,"href":"https:\/\/grace-asso.fr\/en\/wp-json\/wp\/v2\/users\/1"}],"replies":[{"embeddable":true,"href":"https:\/\/grace-asso.fr\/en\/wp-json\/wp\/v2\/comments?post=13267"}],"version-history":[{"count":1,"href":"https:\/\/grace-asso.fr\/en\/wp-json\/wp\/v2\/pages\/13267\/revisions"}],"predecessor-version":[{"id":13268,"href":"https:\/\/grace-asso.fr\/en\/wp-json\/wp\/v2\/pages\/13267\/revisions\/13268"}],"up":[{"embeddable":true,"href":"https:\/\/grace-asso.fr\/en\/wp-json\/wp\/v2\/pages\/13208"}],"wp:attachment":[{"href":"https:\/\/grace-asso.fr\/en\/wp-json\/wp\/v2\/media?parent=13267"}],"curies":[{"name":"wp","href":"https:\/\/api.w.org\/{rel}","templated":true}]}}