{"id":13271,"date":"2019-03-29T11:34:10","date_gmt":"2019-03-29T11:34:10","guid":{"rendered":"https:\/\/grace-asso.fr\/on-a-teste-pour-vous\/memo-quest"},"modified":"2019-03-29T11:38:49","modified_gmt":"2019-03-29T11:38:49","slug":"memo-quest","status":"publish","type":"page","link":"https:\/\/grace-asso.fr\/en\/on-a-teste-pour-vous\/memo-quest","title":{"rendered":"M\u00e9mo Quest"},"content":{"rendered":"<div class=\"wpb-content-wrapper\"><p>[vc_row][vc_column][vc_column_text css=&#8221;.vc_custom_1523892052498{padding-right: 20px !important;padding-left: 20px !important;}&#8221;]<\/p>\n<h2 class=\"field-content\">Memo Quest<\/h2>\n<p><strong><img loading=\"lazy\" decoding=\"async\" class=\"size-full wp-image-3161 alignleft\" src=\"https:\/\/grace-asso.fr\/wp-content\/uploads\/2018\/04\/applis-memoquest.jpg\" alt=\"\" width=\"190\" height=\"124\" \/>\u00c9diteur, Soci\u00e9t\u00e9<br \/>\n<\/strong><a href=\"http:\/\/calmedica.com\/fr\/rehab\/\" target=\"_blank\" rel=\"noopener\">CALMEDICA<\/a><\/p>\n<p><strong>Principe<br \/>\n<\/strong><\/p>\n<p>Le jour de la sortie pr\u00e9coce du patient, le m\u00e9decin r\u00e9f\u00e9rent d\u00e9clenche le protocole de surveillance par sms via la plateforme internet www.memoquest.com avec des identifiants personnalis\u00e9s et s\u00e9curis\u00e9s. Le patient qui a \u00e9t\u00e9 pr\u00e9venu re\u00e7oit \u00e0 J1, J3, J5 et J7 \u00e0 10h du matin (protocole modulable en fonction de la pathologie et de l\u2019utilisateur), une s\u00e9rie de questions par SMS. En fonction des r\u00e9ponses, une alerte par mail est envoy\u00e9e au m\u00e9decin r\u00e9f\u00e9rent selon des crit\u00e8res <strong>anormaux<\/strong> pr\u00e9d\u00e9finis ou en <strong>l\u2019absence de r\u00e9ponse<\/strong>.<\/p>\n<p><strong>Syst\u00e8me d\u2019exploitation<br \/>\n<\/strong>Mac, Windows<\/p>\n<p><strong>Langues disponibles<\/strong><br \/>\nFran\u00e7ais, Anglais et d\u2019autres sur demande.<\/p>\n<p><strong>Support (mobile, tablette\u2026)<br \/>\n<\/strong>Connexion internet obligatoire pour lancer une requ\u00eate et r\u00e9ceptionner les alertes, le patient doit avoir un mobile ou smartphone pour recevoir les questions sous forme de SMS.<\/p>\n<p><strong>Interlocuteur ou cible de l\u2019appli<br \/>\n<\/strong>Le patient r\u00e9pond au questionnaire, le m\u00e9decin hospitalier ou une personne d\u00e9l\u00e9gu\u00e9e re\u00e7oit l\u2019alerte.<\/p>\n<p><strong>Co\u00fbt par patient ou par an<br \/>\n<\/strong>Frais d\u2019installation (param\u00e9trage) autour de 500 euros et 250 euros de maintenance annuelle puis 20 centimes par message.<\/p>\n<p><strong>Ergonomie et charte graphique<br \/>\n<\/strong>Les sms re\u00e7us sont succincts et facilement compr\u00e9hensibles, les mails d\u2019alerte demandent \u00e0 \u00eatre mieux pr\u00e9sent\u00e9s avec une charte graphique sp\u00e9cifique et avec une clarification de la donn\u00e9e \u00ab patient \u00bb anormale.<\/p>\n<p><strong>Confidentialit\u00e9<br \/>\n<\/strong>Le site Calmedica et le site d\u2019enr\u00f4lement des patients o\u00f9 sont stock\u00e9es les donn\u00e9es patients ne porte pas de Label sant\u00e9 sp\u00e9cifique ou de validation par la CNIL. Une notion de CLOUD pour le stockage des donn\u00e9es apparait sur leur site. Les num\u00e9ros de t\u00e9l\u00e9phone des patients sont rendus non reconnaissables car partag\u00e9s sur deux sites de stockage. Les donn\u00e9es \u00ab patient \u00bb se r\u00e9sument \u00e0 une date de sortie et un num\u00e9ro de portable. Les identifiants de connexion n\u2019ont qu\u2019un niveau de s\u00e9curit\u00e9 (mot de passe personnel).<\/p>\n<p><strong>Stabilit\u00e9<br \/>\n<\/strong>\u00c0 priori stable<\/p>\n<p><strong>Donn\u00e9es m\u00e9dicales surveill\u00e9es<br \/>\n<\/strong>modulables et param\u00e9trables en fonction du client et de la pathologie, ex : niveau de douleur entre 0 et 10, la temp\u00e9rature : alerte si la temp\u00e9rature est sup\u00e9rieure \u00e0 37.8\u00b0C&#8230;[\/vc_column_text][\/vc_column][\/vc_row][vc_row][vc_column][vc_column_text]<br \/>\n[\/vc_column_text][\/vc_column][\/vc_row][vc_row el_id=&#8221;TOMOVE&#8221;][vc_column width=&#8221;1\/2&#8243;][vc_column_text]<\/p>\n<h3 style=\"text-align: center;\"><span style=\"color: #008000;\">Les +<\/span><\/h3>\n<p>[\/vc_column_text][vc_separator color=&#8221;green&#8221; css=&#8221;.vc_custom_1522156724897{padding-right: 5px !important;padding-left: 5px !important;}&#8221;][vc_column_text css=&#8221;.vc_custom_1523892069232{padding-top: 30px !important;padding-right: 20px !important;padding-left: 20px !important;}&#8221;]<\/p>\n<ul>\n<li>Syst\u00e8me extr\u00eamement simple, quasi anonymis\u00e9 maintenant une surveillance discr\u00e8te appr\u00e9ci\u00e9e par les patients test\u00e9s.<\/li>\n<\/ul>\n<p>[\/vc_column_text][\/vc_column][vc_column width=&#8221;1\/2&#8243;][vc_column_text]<\/p>\n<h3 style=\"text-align: center;\"><span style=\"color: #ff0000;\">Les &#8211;<\/span><\/h3>\n<p>[\/vc_column_text][vc_separator color=&#8221;custom&#8221; accent_color=&#8221;#dd3333&#8243; css=&#8221;.vc_custom_1522156718315{padding-right: 5px !important;padding-left: 5px !important;}&#8221;][vc_column_text css=&#8221;.vc_custom_1523892077609{padding-top: 30px !important;padding-right: 20px !important;padding-left: 20px !important;}&#8221;]<\/p>\n<ul>\n<li>Les alertes mails gagneraient \u00e0 \u00eatre plus claires et graphiquement plus agr\u00e9ables.<\/li>\n<\/ul>\n<p>[\/vc_column_text][\/vc_column][\/vc_row][vc_row][vc_column][vc_column_text]<br \/>\n[\/vc_column_text][\/vc_column][\/vc_row][vc_row][vc_column css=&#8221;.vc_custom_1522157025564{padding-top: 30px !important;padding-bottom: 30px !important;}&#8221;][\/vc_column][\/vc_row]<\/p>\n<\/div>","protected":false},"excerpt":{"rendered":"<p>[vc_row][vc_column][vc_column_text css=&#8221;.vc_custom_1523892052498{padding-right: 20px !important;padding-left: 20px !important;}&#8221;] Memo Quest \u00c9diteur, Soci\u00e9t\u00e9 CALMEDICA Principe Le jour de la sortie pr\u00e9coce du patient, le m\u00e9decin r\u00e9f\u00e9rent d\u00e9clenche le protocole de surveillance par sms via la plateforme internet www.memoquest.com avec des identifiants personnalis\u00e9s et s\u00e9curis\u00e9s. Le patient qui a \u00e9t\u00e9 pr\u00e9venu re\u00e7oit \u00e0 J1, J3, J5 et J7 \u00e0<\/p>\n","protected":false},"author":1,"featured_media":0,"parent":13208,"menu_order":0,"comment_status":"closed","ping_status":"closed","template":"","meta":{"_acf_changed":false,"_seopress_robots_primary_cat":"","_seopress_titles_title":"","_seopress_titles_desc":"","_seopress_robots_index":"","footnotes":""},"class_list":["post-13271","page","type-page","status-publish","hentry"],"acf":[],"rttpg_featured_image_url":null,"rttpg_author":{"display_name":"grc","author_link":"https:\/\/grace-asso.fr\/en\/author\/grc"},"rttpg_comment":0,"rttpg_category":" <a href=\"https:\/\/grace-asso.fr\/en?taxonomy=translation_priority&#038;term=optional\" rel=\"tag\">Optional<\/a>","rttpg_excerpt":"[vc_row][vc_column][vc_column_text css=&#8221;.vc_custom_1523892052498{padding-right: 20px !important;padding-left: 20px !important;}&#8221;] Memo Quest \u00c9diteur, Soci\u00e9t\u00e9 CALMEDICA Principe Le jour de la sortie pr\u00e9coce du patient, le m\u00e9decin r\u00e9f\u00e9rent d\u00e9clenche le protocole de surveillance par sms via la plateforme internet www.memoquest.com avec des identifiants personnalis\u00e9s et s\u00e9curis\u00e9s. Le patient qui a \u00e9t\u00e9 pr\u00e9venu re\u00e7oit \u00e0 J1, J3, J5 et J7 \u00e0","_links":{"self":[{"href":"https:\/\/grace-asso.fr\/en\/wp-json\/wp\/v2\/pages\/13271","targetHints":{"allow":["GET"]}}],"collection":[{"href":"https:\/\/grace-asso.fr\/en\/wp-json\/wp\/v2\/pages"}],"about":[{"href":"https:\/\/grace-asso.fr\/en\/wp-json\/wp\/v2\/types\/page"}],"author":[{"embeddable":true,"href":"https:\/\/grace-asso.fr\/en\/wp-json\/wp\/v2\/users\/1"}],"replies":[{"embeddable":true,"href":"https:\/\/grace-asso.fr\/en\/wp-json\/wp\/v2\/comments?post=13271"}],"version-history":[{"count":3,"href":"https:\/\/grace-asso.fr\/en\/wp-json\/wp\/v2\/pages\/13271\/revisions"}],"predecessor-version":[{"id":13278,"href":"https:\/\/grace-asso.fr\/en\/wp-json\/wp\/v2\/pages\/13271\/revisions\/13278"}],"up":[{"embeddable":true,"href":"https:\/\/grace-asso.fr\/en\/wp-json\/wp\/v2\/pages\/13208"}],"wp:attachment":[{"href":"https:\/\/grace-asso.fr\/en\/wp-json\/wp\/v2\/media?parent=13271"}],"curies":[{"name":"wp","href":"https:\/\/api.w.org\/{rel}","templated":true}]}}