{"id":13274,"date":"2019-03-29T11:35:14","date_gmt":"2019-03-29T11:35:14","guid":{"rendered":"https:\/\/grace-asso.fr\/on-a-teste-pour-vous\/sovinty-3s-mobile"},"modified":"2019-03-29T11:35:15","modified_gmt":"2019-03-29T11:35:15","slug":"sovinty-3s-mobile","status":"publish","type":"page","link":"https:\/\/grace-asso.fr\/en\/on-a-teste-pour-vous\/sovinty-3s-mobile","title":{"rendered":"SOVINTY 3S MOBILE"},"content":{"rendered":"<div class=\"wpb-content-wrapper\"><p>[vc_row][vc_column][vc_column_text css=&#8221;.vc_custom_1523891771562{padding-right: 20px !important;padding-left: 20px !important;}&#8221;]<\/p>\n<h2 class=\"field-content\">Sovinty 3S Mobile<\/h2>\n<p><strong><img loading=\"lazy\" decoding=\"async\" class=\"size-full wp-image-3159 alignleft\" src=\"https:\/\/grace-asso.fr\/wp-content\/uploads\/2018\/04\/sovinty.jpg\" alt=\"\" width=\"190\" height=\"108\" \/>\u00c9diteur, Soci\u00e9t\u00e9<br \/>\n<\/strong><a href=\"http:\/\/www.sovinty.com\/\" target=\"_blank\" rel=\"noopener\">Sovinty<\/a><\/p>\n<p><strong>Principe<br \/>\n<\/strong><\/p>\n<p>Plateforme web accompagnant le patient d\u00e8s la p\u00e9riode pr\u00e9op\u00e9ratoire en assurant une check-list de contr\u00f4le avant l\u2019intervention (absence de contre-indication clinique ou administrative). Elle assure \u00e9galement la surveillance du patient sorti pr\u00e9cocement par l\u2019interm\u00e9diaire de questionnaires quotidiens fa\u00e7onnables avec envoi d\u2019alertes au clinicien ou \u00e0 un interm\u00e9diaire d\u00e9sign\u00e9 (infirmi\u00e8re d\u00e9di\u00e9e ou secr\u00e9taire par exemple).<\/p>\n<p><strong>Syst\u00e8me d\u2019exploitation<br \/>\n<\/strong>Mac, Windows\u2026<\/p>\n<p><strong>Langues disponibles<\/strong><br \/>\nMulti-langue<\/p>\n<p><strong>Support (mobile, tablette\u2026)<br \/>\n<\/strong>Interface connect\u00e9e \u00e0 internet (smartphone, tablette ou ordinateur), le contenu s\u2019adapte \u00e0 la taille de l\u2019\u00e9cran. Objets connect\u00e9sen cours de d\u00e9veloppement (avec connexion WIFI sans n\u00e9cessit\u00e9 de reporting).<\/p>\n<p><strong>Interlocuteur ou cible de l\u2019appli<br \/>\n<\/strong>Avant l\u2019intervention, le patient remplit ses donn\u00e9es personnelles et administratives. Il remplit un premier questionnaire clinique pr\u00e9op\u00e9ratoire. En post-op\u00e9ratoire, \u00e0 son domicile, le patient se connecte \u00e0 son portail et compl\u00e8te les questionnaires r\u00e9guli\u00e8rement. Il a la possibilit\u00e9 d\u2019avoir une synth\u00e8se clinique durant sa p\u00e9riode de convalescence. En cas d\u2019alerte, l\u2019interlocuteur (une secr\u00e9taire, une infirmi\u00e8re r\u00e9f\u00e9rente ou le chirurgien) est contact\u00e9 automatiquement par mail ou sms selon des crit\u00e8res d\u00e9finis et le niveau de gravit\u00e9.<\/p>\n<p><strong>Co\u00fbt par patient ou par an<br \/>\n<\/strong>Environ 0,6 euro par patient, en mode SAAS (logiciel en tant que service). Il existe \u00e9galement une formule d\u2019abonnement pour les chirurgiens avec possibilit\u00e9s d\u2019\u00e9tudes statistiques, de r\u00e9daction de protocoles personnalis\u00e9s, d\u2019h\u00e9bergement de donn\u00e9es de sant\u00e9 et de connexion \u00e0 des objets connect\u00e9s pour 100 euros par mois et par chirurgien.<\/p>\n<p><strong>Ergonomie et charte graphique<br \/>\n<\/strong>La partie \u00ab patient \u00bb est fluide et agr\u00e9able, la plateforme \u00ab clinicien \u00bb et la gestion des alertes sont plus confuses. Charte graphique simple, agr\u00e9able. Lors de la gestion des premi\u00e8res alertes, on ne connait pas pr\u00e9cis\u00e9ment \u00e0 quoi correspondent les codes couleurs utilis\u00e9s dans les niveaux d\u2019alerte.<\/p>\n<p><strong>Confidentialit\u00e9<br \/>\n<\/strong>Les donn\u00e9es sont stock\u00e9es au sein d\u2019un h\u00e9bergeur de donn\u00e9es de sant\u00e9 agr\u00e9\u00e9 (le MiPih et Berger-Levrault). Ce stockage est d\u00e9clar\u00e9 \u00e0 la CNIL.<\/p>\n<p><strong>Stabilit\u00e9<br \/>\n<\/strong>Version 1.7 stable mais quelques erreurs apparues pendant le test<\/p>\n<p><strong>Donn\u00e9es m\u00e9dicales surveill\u00e9es<br \/>\n<\/strong>Essentiellement les donn\u00e9es cliniques : temp\u00e9rature, \u00e9tat g\u00e9n\u00e9ral, fatigue, \u00e9tat du pansement (avec l\u2019aide de photos)&#8230; Afin de suivre et d\u2019am\u00e9liorer la r\u00e9cup\u00e9ration post-op\u00e9ratoire, plusieurs questions s\u2019assurent si les exercices de kin\u00e9sith\u00e9rapie sont bien r\u00e9alis\u00e9s, si non, pourquoi. Des vid\u00e9os d\u2019exercices sont accessibles pour guider ces exercices. Remont\u00e9e des informations : les donn\u00e9es cliniques renseign\u00e9es sont directement disponibles sur la plateforme consultable par le patient ou l\u2019\u00e9quipe soignante. Protocoles existants : oui par pathologie, modifiables par l\u2019\u00e9tablissement et les praticiens. Compte rendu de suivi envoy\u00e9 \u00e0 la structure pour dossier m\u00e9dical : oui.[\/vc_column_text][\/vc_column][\/vc_row][vc_row][vc_column][vc_column_text]<br \/>\n[\/vc_column_text][\/vc_column][\/vc_row][vc_row el_id=&#8221;TOMOVE&#8221;][vc_column width=&#8221;1\/2&#8243;][vc_column_text]<\/p>\n<h3 style=\"text-align: center;\"><span style=\"color: #008000;\">Les +<\/span><\/h3>\n<p>[\/vc_column_text][vc_separator color=&#8221;green&#8221; css=&#8221;.vc_custom_1522156724897{padding-right: 5px !important;padding-left: 5px !important;}&#8221;][vc_column_text css=&#8221;.vc_custom_1523891784964{padding-top: 30px !important;padding-right: 20px !important;padding-left: 20px !important;}&#8221;]<\/p>\n<ul>\n<li>La partie de plateforme d\u00e9di\u00e9e au patient est plus agr\u00e9able, claire, interactive et fluide que le module d\u00e9di\u00e9 au praticien.<\/li>\n<li>Le questionnaire pr\u00e9op\u00e9ratoire est simple et permet de pr\u00e9parer au mieux \u00e0 l\u2019intervention.<\/li>\n<li>Les conseils automatiques qui guident le patient sont pertinents et utiles.<\/li>\n<li>Un des gros atouts de la plateforme est de proposer des vid\u00e9os d\u2019exercices de r\u00e9\u00e9ducation qui stimulent le patient \u00e0 \u00eatre acteur de sa r\u00e9cup\u00e9ration.<\/li>\n<li>Le patient peut \u00eatre contact\u00e9 directement en fonction de ses r\u00e9ponses par une infirmi\u00e8re d\u00e9di\u00e9e mais leurs r\u00e9ponses peuvent rester floues et impr\u00e9cises (envisager une check-list sp\u00e9cifique pour aider l&#8217;IDE \u00e0 mieux cerner les ant\u00e9c\u00e9dents du patient et mieux r\u00e9pondre aux besoins).<\/li>\n<\/ul>\n<p>[\/vc_column_text][\/vc_column][vc_column width=&#8221;1\/2&#8243;][vc_column_text]<\/p>\n<h3 style=\"text-align: center;\"><span style=\"color: #ff0000;\">Les &#8211;<\/span><\/h3>\n<p>[\/vc_column_text][vc_separator color=&#8221;custom&#8221; accent_color=&#8221;#dd3333&#8243; css=&#8221;.vc_custom_1522156718315{padding-right: 5px !important;padding-left: 5px !important;}&#8221;][vc_column_text css=&#8221;.vc_custom_1523891794497{padding-top: 30px !important;padding-right: 20px !important;padding-left: 20px !important;}&#8221;]<\/p>\n<ul>\n<li>Le module d\u00e9di\u00e9 au patient n\u00e9cessite de valider chaque r\u00e9ponse, alors qu\u2019il serait plus simple de valider l\u2019ensemble des r\u00e9ponses \u00e0 la fin de l\u2019\u00e9tape.<\/li>\n<li>La gestion des alertes n\u00e9cessite une connexion avec un acc\u00e8s alourdi (d\u00fb \u00e0 la r\u00e9glementation en vigueur sur la s\u00e9curisation des donn\u00e9es de sant\u00e9) et de compl\u00e9ter un questionnaire avec des items redondants.<\/li>\n<\/ul>\n<p>[\/vc_column_text][\/vc_column][\/vc_row][vc_row][vc_column][vc_column_text]<br \/>\n[\/vc_column_text][\/vc_column][\/vc_row][vc_row][vc_column css=&#8221;.vc_custom_1522157025564{padding-top: 30px !important;padding-bottom: 30px !important;}&#8221;][\/vc_column][\/vc_row]<\/p>\n<\/div>","protected":false},"excerpt":{"rendered":"<p>[vc_row][vc_column][vc_column_text css=&#8221;.vc_custom_1523891771562{padding-right: 20px !important;padding-left: 20px !important;}&#8221;] Sovinty 3S Mobile \u00c9diteur, Soci\u00e9t\u00e9 Sovinty Principe Plateforme web accompagnant le patient d\u00e8s la p\u00e9riode pr\u00e9op\u00e9ratoire en assurant une check-list de contr\u00f4le avant l\u2019intervention (absence de contre-indication clinique ou administrative). Elle assure \u00e9galement la surveillance du patient sorti pr\u00e9cocement par l\u2019interm\u00e9diaire de questionnaires quotidiens fa\u00e7onnables avec envoi d\u2019alertes au<\/p>\n","protected":false},"author":1,"featured_media":0,"parent":13208,"menu_order":0,"comment_status":"closed","ping_status":"closed","template":"","meta":{"_acf_changed":false,"_seopress_robots_primary_cat":"","_seopress_titles_title":"","_seopress_titles_desc":"","_seopress_robots_index":"","footnotes":""},"class_list":["post-13274","page","type-page","status-publish","hentry"],"acf":[],"rttpg_featured_image_url":null,"rttpg_author":{"display_name":"grc","author_link":"https:\/\/grace-asso.fr\/en\/author\/grc"},"rttpg_comment":0,"rttpg_category":false,"rttpg_excerpt":"[vc_row][vc_column][vc_column_text css=&#8221;.vc_custom_1523891771562{padding-right: 20px !important;padding-left: 20px !important;}&#8221;] Sovinty 3S Mobile \u00c9diteur, Soci\u00e9t\u00e9 Sovinty Principe Plateforme web accompagnant le patient d\u00e8s la p\u00e9riode pr\u00e9op\u00e9ratoire en assurant une check-list de contr\u00f4le avant l\u2019intervention (absence de contre-indication clinique ou administrative). Elle assure \u00e9galement la surveillance du patient sorti pr\u00e9cocement par l\u2019interm\u00e9diaire de questionnaires quotidiens fa\u00e7onnables avec envoi d\u2019alertes au","_links":{"self":[{"href":"https:\/\/grace-asso.fr\/en\/wp-json\/wp\/v2\/pages\/13274","targetHints":{"allow":["GET"]}}],"collection":[{"href":"https:\/\/grace-asso.fr\/en\/wp-json\/wp\/v2\/pages"}],"about":[{"href":"https:\/\/grace-asso.fr\/en\/wp-json\/wp\/v2\/types\/page"}],"author":[{"embeddable":true,"href":"https:\/\/grace-asso.fr\/en\/wp-json\/wp\/v2\/users\/1"}],"replies":[{"embeddable":true,"href":"https:\/\/grace-asso.fr\/en\/wp-json\/wp\/v2\/comments?post=13274"}],"version-history":[{"count":1,"href":"https:\/\/grace-asso.fr\/en\/wp-json\/wp\/v2\/pages\/13274\/revisions"}],"predecessor-version":[{"id":13275,"href":"https:\/\/grace-asso.fr\/en\/wp-json\/wp\/v2\/pages\/13274\/revisions\/13275"}],"up":[{"embeddable":true,"href":"https:\/\/grace-asso.fr\/en\/wp-json\/wp\/v2\/pages\/13208"}],"wp:attachment":[{"href":"https:\/\/grace-asso.fr\/en\/wp-json\/wp\/v2\/media?parent=13274"}],"curies":[{"name":"wp","href":"https:\/\/api.w.org\/{rel}","templated":true}]}}