{"id":19877,"date":"2020-09-24T12:09:29","date_gmt":"2020-09-24T12:09:29","guid":{"rendered":"https:\/\/grace-asso.fr\/boite-a-outils-patient-blood-management-pbm"},"modified":"2021-03-22T08:45:35","modified_gmt":"2021-03-22T08:45:35","slug":"boite-a-outils-patient-blood-management-pbm","status":"publish","type":"page","link":"https:\/\/grace-asso.fr\/en\/boite-a-outils-patient-blood-management-pbm","title":{"rendered":"Bo\u00eete \u00e0 outils Patient Blood Management (PBM) (FR)"},"content":{"rendered":"<div class=\"wpb-content-wrapper\"><p>[vc_row][vc_column width=&#8221;1\/3&#8243;][vc_icon icon_fontawesome=&#8221;fa fa-sitemap&#8221; color=&#8221;custom&#8221; size=&#8221;xl&#8221; align=&#8221;center&#8221; css_animation=&#8221;fadeIn&#8221; custom_color=&#8221;#5e5e5e&#8221;][vc_column_text]<\/p>\n<p style=\"text-align: center;\"><a class=\"btn btn-blue btn-lg\" href=\"https:\/\/grace-asso.fr\/algorithmes\" rel=\"noopener\"><i class=\"fa fa-sitemap\"><\/i> Algorithmes<\/a><\/p>\n<p>[\/vc_column_text][vc_empty_space][\/vc_column][vc_column width=&#8221;1\/3&#8243;][vc_icon icon_fontawesome=&#8221;fa fa-wpforms&#8221; color=&#8221;custom&#8221; size=&#8221;xl&#8221; align=&#8221;center&#8221; css_animation=&#8221;fadeIn&#8221; custom_color=&#8221;#5e5e5e&#8221;][vc_column_text]<\/p>\n<p style=\"text-align: center;\"><a class=\"btn btn-blue btn-lg\" href=\"https:\/\/grace-asso.fr\/revue-bibliographique\" rel=\"noopener\"><i class=\"fa fa-file\"><\/i> Revue bibliographique<\/a><\/p>\n<p>[\/vc_column_text][vc_empty_space][\/vc_column][vc_column width=&#8221;1\/3&#8243;][vc_icon icon_fontawesome=&#8221;fa fa-check-square-o&#8221; color=&#8221;custom&#8221; size=&#8221;xl&#8221; align=&#8221;center&#8221; css_animation=&#8221;fadeIn&#8221; custom_color=&#8221;#5e5e5e&#8221;][vc_column_text]<\/p>\n<p style=\"text-align: center;\"><a class=\"btn btn-blue btn-lg\" href=\"https:\/\/grace-asso.fr\/referentiels\" rel=\"noopener\"><i class=\"fa fa-check\"><\/i> R\u00e9f\u00e9rentiels<\/a><\/p>\n<p>[\/vc_column_text][vc_empty_space][\/vc_column][\/vc_row][vc_row][vc_column][vc_empty_space][vc_separator][vc_empty_space][vc_column_text]<\/p>\n<h2>\u00c9DITO<\/h2>\n<p>Le <em>Patient Blood Management (PBM)<\/em>, ou \u00ab gestion personnalis\u00e9e du capital sanguin \u00bb, est recommand\u00e9 par l\u2019Organisation mondiale de la sant\u00e9.<\/p>\n<blockquote><p>Il s\u2019agit d\u2019une strat\u00e9gie multimodale, multidisciplinaire et centr\u00e9e sur le patient, visant \u00e0 limiter la transfusion tout en am\u00e9liorant le devenir.<\/p><\/blockquote>\n<p>La HAS s\u2019est saisie du probl\u00e8me et va mettre en route la production de fiches pratiques et de recommandations sur le PBM.<\/p>\n<p>Dans l\u2019attente, vous trouverez une boite \u00e0 outils d\u00e9velopp\u00e9e avec le groupe GRACE contenant :<\/p>\n<ul>\n<li>des <a href=\"https:\/\/grace-asso.fr\/algorithmes\"><strong>algorithmes<\/strong><\/a> d\u2019aide \u00e0 la prise en charge de l\u2019an\u00e9mie et de la carence martiale ;<\/li>\n<li>un <a href=\"https:\/\/grace-asso.fr\/revue-bibliographique\"><strong>r\u00e9sum\u00e9<\/strong><\/a> des principaux articles sur le sujet ;<\/li>\n<li>le <a href=\"https:\/\/grace-asso.fr\/wp-content\/uploads\/2020\/06\/Livre_Blanc_PBM.pdf\"><strong>livre blanc<\/strong><\/a> sur le PBM ;<\/li>\n<li>des <a href=\"https:\/\/grace-asso.fr\/referentiels\"><strong>recommandations<\/strong><\/a> de soci\u00e9t\u00e9s savantes et de l\u2019union europ\u00e9enne.<\/li>\n<\/ul>\n<p style=\"text-align: right;\"><em>Xavier CAPDEVILA, Sigismond LASOCKI, Karem SLIM, Alexandre THEISSEN<\/em><\/p>\n<p>[\/vc_column_text][vc_empty_space][vc_column_text]<a class=\"btn btn-blue btn-lg\" href=\"https:\/\/grace-asso.fr\/wp-content\/uploads\/2020\/06\/Livre_Blanc_PBM.pdf\"><i class=\"fa fa-book\"><\/i>T\u00e9l\u00e9charger le livre blanc<\/a>[\/vc_column_text][vc_empty_space][vc_separator][vc_empty_space][\/vc_column][\/vc_row][vc_row][vc_column][vc_column_text]<\/p>\n<h2>3 PILIERS DU PBM<\/h2>\n<p>[\/vc_column_text][vc_raw_html]CTx0YWJsZSB3aWR0aD0iODAwcHgiIGJvcmRlcj0iMSIgY2VsbHNwYWNpbmc9IjAiIGNlbGxwYWRkaW5nPSIxMCIgYWxpZ249ImNlbnRlciIgYmdjb2xvcj0iI2YyZjJmMiIgc3R5bGU9ImZvbnQtZmFtaWx5OiBHb3RoYW0sICdIZWx2ZXRpY2EgTmV1ZScsIEhlbHZldGljYSwgQXJpYWwsICdzYW5zLXNlcmlmJzsgZm9udC1zaXplOjEzcHgiPg0KICA8dGJvZHk+DQogICAgPHRyIHN0eWxlPSJ0ZXh0LWFsaWduOiBjZW50ZXI7IGNvbG9yOiAjM2E4MmJhIj4NCiAgICAgIDx0ZCBzdHlsZT0id2lkdGg6IDI1MHB4Ij48c3Ryb25nPk9QVElNSVNFUjxicj4gTEEgTUFTU0UgU0FOR1VJTkU8L3N0cm9uZz48L3RkPg0KCQk8dGQgc3R5bGU9IndpZHRoOiAyNXB4Ij48L3RkPg0KICAgICAgPHRkIHN0eWxlPSJ3aWR0aDogMjUwcHgiPjxzdHJvbmc+TUlOSU1JU0VSPGJyPiBMRVMgUEVSVEVTIFNBTkdVSU5FUzwvc3Ryb25nPjwvdGQ+DQoJCTx0ZCBzdHlsZT0id2lkdGg6IDI1cHgiPjwvdGQ+DQogICAgICA8dGQgc3R5bGU9IndpZHRoOiAyNTBweCI+PHN0cm9uZz5PUFRJTUlTRVI8YnI+IExBIFRPTMOJUkFOQ0Ugw4AgTOKAmUFOw4lNSUU8L3N0cm9uZz48L3RkPg0KICAgIDwvdHI+DQogICAgPHRyICBzdHlsZT0idGV4dC1hbGlnbjogY2VudGVyOyBjb2xvcjogd2hpdGUiICBiZ2NvbG9yPSIjM2E4MmJhIj4NCiAgICAgIDx0ZCBjb2xzcGFuPSI1Ij48c3Ryb25nPlBIQVNFIFBSw4lPUMOJUkFUT0lSRTwvc3Ryb25nPjwvdGQ+DQogICAgPC90cj4NCiAgICA8dHIgdmFsaWduPSJ0b3AiPg0KICAgICAgPHRkPlJlY2hlcmNoZXIgbGVzIGFuw6ltaWVzLCBpZGVudGlmaWVyIGxlcyBjYXVzZXMsIGNvcnJpZ2VyIGxlIHByb2Jsw6htZTxicj48YnI+DQogICAgICAgIERlbWFuZGVyIHVuIGF2aXMgc3DDqWNpYWxpc8OpLCBzaSBuw6ljZXNzYWlyZTxicj48YnI+DQogICAgICAgIMOJdmFsdWVyIGxlcyByw6lzZXJ2ZXMgZW4gZmVyIGV0IGNvcnJpZ2VyIGxhIGNhcmVuY2UgbWFydGlhbGUsIHNpIG7DqWNlc3NhaXJlPGJyPjxicj4NCiAgICAgICAgRW52aXNhZ2VyIGxlcyBhZ2VudHMgc3RpbXVsYW50IGzigJnDqXJ5dGhyb3Bvw6\/DqHNlIChBU0UpLCBzaSBs4oCZYW7DqW1pZSBudXRyaXRpb25uZWxsZSBlc3Qgw6ljYXJ0w6llL3RyYWl0w6llPGJyPjxicj4NCiAgICAgICAgUHJvZ3JhbW1lciBsYSBjaGlydXJnaWUgcsOpZ2zDqWUgYXByw6hzIGxhIHByaXNlIGVuIGNoYXJnZSBkZSBs4oCZYW7DqW1pZTxicj48YnI+DQogICAgICAgIE5vdGUgOiBs4oCZYW7DqW1pZSBub24gcHJpc2UgZW4gY2hhcmdlIGVzdCB1bmUgY29udHJlLWluZGljYXRpb24gw6AgbGEgY2hpcnVyZ2llIHLDqWdsw6llPC90ZD4NCgkJPHRkIHN0eWxlPSJ3aWR0aDogMjVweCI+PC90ZD4NCiAgICAgIDx0ZD5JZGVudGlmaWVyIGV0IGfDqXJlciBsZXMgcmlzcXVlcyBkZSBzYWlnbmVtZW50PGJyPjxicj4NCiAgICAgICAgUHJlbmRyZSBlbiBjaGFyZ2UgZGUgZmHDp29uIHNww6ljaWZpcXVlIGxlcyBwYXRpZW50cyBzb3VzIGFudGljb2FndWxhbnRzIGV0L291IGFudGlhZ3LDqWdhbnRzIHBsYXF1ZXR0YWlyZXM8YnI+PGJyPg0KICAgICAgICBMaW1pdGVyIGxlcyBwcmlzZXMgZGUgc2FuZyBkZXN0aW7DqWVzIGF1eCBleGFtZW5zIGJpb2xvZ2lxdWVzPGJyPjxicj4NCiAgICAgICAgTWV0dHJlIGVuIHBsYWNlIHVuZSB0cmFuc2Z1c2lvbiBhdXRvbG9ndWUgZGlmZsOpcsOpZSBkYW5zIGNlcnRhaW5zIGNhczwvdGQ+DQoJCTx0ZCBzdHlsZT0id2lkdGg6IDI1cHgiPjwvdGQ+DQogICAgICA8dGQ+Q29tcGFyZXIgbGVzIHBlcnRlcyBzYW5ndWluZXMgYXR0ZW5kdWVzIMOgIGxhIHBlcnRlIHNhbmd1aW5lIHRvbMOpcmFibGUgcG91ciBsZSBwYXRpZW50PGJyPjxicj4NCiAgICAgICAgw4l2YWx1ZXIvb3B0aW1pc2VyIGxhIHLDqXNlcnZlIHBoeXNpb2xvZ2lxdWUgKGV4LiA6IGZvbmN0aW9ucyBjYXJkaWFxdWUgZXQgcHVsbW9uYWlyZSk8YnI+PGJyPg0KICAgICAgICDDiXRhYmxpciB1biBwcm90b2NvbGUgcGVyc29ubmFsaXPDqSBkZSBzb2lucywgZG9udCBkZXMgbWVzdXJlcyBk4oCZw6lwYXJnbmUgc2FuZ3VpbmUgZXQgdW5lIHN0cmF0w6lnaWUgdHJhbnNmdXNpb25uZWxsZSByZXN0cmljdGl2ZSBhZGFwdMOpZXM8L3RkPg0KICAgIDwvdHI+DQogICAgPHRyICBzdHlsZT0idGV4dC1hbGlnbjogY2VudGVyOyBjb2xvcjogd2hpdGUiICBiZ2NvbG9yPSIjM2E4MmJhIj4NCiAgICAgIDx0ZCBjb2xzcGFuPSI1Ij48c3Ryb25nPlBIQVNFIFBFUk9Qw4lSQVRPSVJFPC9zdHJvbmc+PC90ZD4NCiAgICA8L3RyPg0KICAgIDx0ciB2YWxpZ249InRvcCI+DQogICAgICA8dGQ+Q29vcmRvbm5lciBs4oCZaW50ZXJ2ZW50aW9uIGF2ZWMgbOKAmW9wdGltaXNhdGlvbiBkZSBs4oCZw6lyeXRocm9wb8Ovw6hzZSBldCBkZSBsYSBtYXNzZSBzYW5ndWluZTxicj48YnI+DQogICAgICAgIE1ldHRyZSBlbiBvZXV2cmUgbGVzIG1lc3VyZXMgZOKAmcOpcGFyZ25lIHNhbmd1aW5lPGJyPjxicj4NCiAgICAgICAgVXRpbGlzZXIgbGVzIG3DqWRpY2FtZW50cyBtaW5pbWlzYW50IGxlcyBzYWlnbmVtZW50czwvdGQ+DQoJCTx0ZCBzdHlsZT0id2lkdGg6IDI1cHgiPjwvdGQ+DQogICAgICA8dGQ+SMOpbW9zdGFzZSBldCB0ZWNobmlxdWVzIGNoaXJ1cmdpY2FsZXMgbcOpdGljdWxldXNlczxicj48YnI+DQogICAgICAgIFLDqWN1cMOpcmVyL3RyYW5zZnVzZXIgbGUgc2FuZyDDqXBhbmNow6k8YnI+PGJyPg0KICAgICAgICBNZXR0cmUgZW4gb2V1dnJlIGRlcyBwcm90b2NvbGVzIGRlIHByaXNlIGVuIGNoYXJnZSBhbmVzdGjDqXNpcXVlIGFkYXB0w6lzIChleC4gOiBtYWludGllbiBub3Jtb3RoZXJtaWUpPGJyPjxicj4NCiAgICAgICAgVXRpbGlzZXIgbGVzIG3DqWRpY2FtZW50cyBsaW1pdGFudCBsZSBzYWlnbmVtZW50IChhbnRpZmlicmlub2x5dGlxdWVzKTwvdGQ+DQoJCTx0ZCBzdHlsZT0id2lkdGg6IDI1cHgiPjwvdGQ+DQogICAgICA8dGQ+T3B0aW1pc2VyIGxlIGTDqWJpdCBjYXJkaWFxdWUsIHZlbnRpbGF0aW9uLCBveHlnw6luYXRpb248YnI+PGJyPg0KICAgICAgICBNZXR0cmUgZW4gb2V1dnJlIGxlcyBtZXN1cmVzIGTigJnDqXBhcmduZSBzYW5ndWluZTxicj48YnI+DQogICAgICAgIEFwcGxpcXVlciBsYSBzdHJhdMOpZ2llIGRlIHRyYW5zZnVzaW9uIHJlc3RyaWN0aXZlPC90ZD4NCiAgICA8L3RyPg0KICAgIDx0ciAgc3R5bGU9InRleHQtYWxpZ246IGNlbnRlcjsgY29sb3I6IHdoaXRlIiAgYmdjb2xvcj0iIzNhODJiYSI+DQogICAgICA8dGQgY29sc3Bhbj0iNSI+PHN0cm9uZz5QSEFTRSBQT1NUT1DDiVJBVE9JUkU8L3N0cm9uZz48L3RkPg0KICAgIDwvdHI+DQogICAgPHRyIHZhbGlnbj0idG9wIj4NCiAgICAgIDx0ZD5UcmFpdGVyIGxlcyBhbsOpbWllcyBudXRyaXRpb25uZWxsZXMgKGV4LiA6IGNhcmVuY2VzIGVuIGZlciwgZm9sYXRlcyk8YnI+PGJyPg0KICAgICAgICBFbnZpc2FnZXIgbGVzIEFTRSwgc2kgYXBwcm9wcmnDqTxicj48YnI+DQogICAgICAgIMOJdml0ZXIgbGVzIGludGVyYWN0aW9ucyBtw6lkaWNhbWVudGV1c2VzIGFnZ3JhdmFudCBsZXMgc2FpZ25lbWVudHMgZXQgbOKAmWFuw6ltaWU8L3RkPg0KCQk8dGQgc3R5bGU9IndpZHRoOiAyNXB4Ij48L3RkPg0KICAgICAgPHRkPlN1cnZlaWxsZXIgYXR0ZW50aXZlbWVudCBldCBwcmVuZHJlIGVuIGNoYXJnZSBsZXMgc2FpZ25lbWVudHMgZXQgdHJhaXRlbWVudHMgYW50aWNvYWd1bGFudHM8YnI+DQogICAgICAgIE1haW50ZW5pciBsYSBub3Jtb3RoZXJtaWUgKHNhdWYgaW5kaWNhdGlvbiBjb250cmFpcmUpPGJyPjxicj4NCiAgICAgICAgUsOpY3Vww6lyZXIvdHJhbnNmdXNlciBsZSBzYW5nIGRyYWluw6k8YnI+PGJyPg0KICAgICAgICBVdGlsaXNlciBsZXMgbcOpZGljYW1lbnRzIGxpbWl0YW50IGxlIHNhaWduZW1lbnQ8YnI+PGJyPg0KICAgICAgICBMaW1pdGVyIGxlcyBwcmlzZXMgZGUgc2FuZyBkZXN0aW7DqWVzIGF1eCBleGFtZW5zIGJpb2xvZ2lxdWVzPC90ZD4NCgkJPHRkIHN0eWxlPSJ3aWR0aDogMjVweCI+PC90ZD4NCiAgICAgIDx0ZD5PcHRpbWlzZXIgbOKAmWFwcG9ydCBk4oCZb3h5Z8OobmU8YnI+PGJyPg0KICAgICAgICBNaW5pbWlzZXIgbGEgY29uc29tbWF0aW9uIGTigJlveHlnw6huZTxicj48YnI+DQogICAgICAgIE1ldHRyZSBlbiBvZXV2cmUgbGVzIG1lc3VyZXMgZOKAmcOpcGFyZ25lIHNhbmd1aW5lPGJyPjxicj4NCiAgICAgICAgUHLDqXZlbmlyL3RyYWl0ZXIgbGVzIGluZmVjdGlvbnM8YnI+PGJyPg0KICAgICAgICBBcHBsaXF1ZXIgbGEgc3RyYXTDqWdpZSBkZSB0cmFuc2Z1c2lvbiByZXN0cmljdGl2ZTwvdGQ+DQogICAgPC90cj4NCiAgPC90Ym9keT4NCjwvdGFibGU+[\/vc_raw_html][vc_empty_space][\/vc_column][\/vc_row]<\/p>\n<\/div>","protected":false},"excerpt":{"rendered":"<p>[vc_row][vc_column width=&#8221;1\/3&#8243;][vc_icon icon_fontawesome=&#8221;fa fa-sitemap&#8221; color=&#8221;custom&#8221; size=&#8221;xl&#8221; align=&#8221;center&#8221; css_animation=&#8221;fadeIn&#8221; custom_color=&#8221;#5e5e5e&#8221;][vc_column_text] Algorithmes [\/vc_column_text][vc_empty_space][\/vc_column][vc_column width=&#8221;1\/3&#8243;][vc_icon icon_fontawesome=&#8221;fa fa-wpforms&#8221; color=&#8221;custom&#8221; size=&#8221;xl&#8221; align=&#8221;center&#8221; css_animation=&#8221;fadeIn&#8221; custom_color=&#8221;#5e5e5e&#8221;][vc_column_text] Revue bibliographique [\/vc_column_text][vc_empty_space][\/vc_column][vc_column width=&#8221;1\/3&#8243;][vc_icon icon_fontawesome=&#8221;fa fa-check-square-o&#8221; color=&#8221;custom&#8221; size=&#8221;xl&#8221; align=&#8221;center&#8221; css_animation=&#8221;fadeIn&#8221; custom_color=&#8221;#5e5e5e&#8221;][vc_column_text] R\u00e9f\u00e9rentiels [\/vc_column_text][vc_empty_space][\/vc_column][\/vc_row][vc_row][vc_column][vc_empty_space][vc_separator][vc_empty_space][vc_column_text] \u00c9DITO Le Patient Blood Management (PBM), ou \u00ab gestion personnalis\u00e9e du capital sanguin \u00bb, est recommand\u00e9 par l\u2019Organisation mondiale de la sant\u00e9. Il<\/p>\n","protected":false},"author":8,"featured_media":0,"parent":0,"menu_order":0,"comment_status":"closed","ping_status":"closed","template":"","meta":{"_acf_changed":false,"_seopress_robots_primary_cat":"","_seopress_titles_title":"","_seopress_titles_desc":"","_seopress_robots_index":"","footnotes":""},"class_list":["post-19877","page","type-page","status-publish","hentry"],"acf":[],"rttpg_featured_image_url":null,"rttpg_author":{"display_name":"Grace","author_link":"https:\/\/grace-asso.fr\/en\/author\/knoe"},"rttpg_comment":0,"rttpg_category":" <a href=\"https:\/\/grace-asso.fr\/en?taxonomy=translation_priority&#038;term=optional\" rel=\"tag\">Optional<\/a>","rttpg_excerpt":"[vc_row][vc_column width=&#8221;1\/3&#8243;][vc_icon icon_fontawesome=&#8221;fa fa-sitemap&#8221; color=&#8221;custom&#8221; size=&#8221;xl&#8221; align=&#8221;center&#8221; css_animation=&#8221;fadeIn&#8221; custom_color=&#8221;#5e5e5e&#8221;][vc_column_text] Algorithmes [\/vc_column_text][vc_empty_space][\/vc_column][vc_column width=&#8221;1\/3&#8243;][vc_icon icon_fontawesome=&#8221;fa fa-wpforms&#8221; color=&#8221;custom&#8221; size=&#8221;xl&#8221; align=&#8221;center&#8221; css_animation=&#8221;fadeIn&#8221; custom_color=&#8221;#5e5e5e&#8221;][vc_column_text] Revue bibliographique [\/vc_column_text][vc_empty_space][\/vc_column][vc_column width=&#8221;1\/3&#8243;][vc_icon icon_fontawesome=&#8221;fa fa-check-square-o&#8221; color=&#8221;custom&#8221; size=&#8221;xl&#8221; align=&#8221;center&#8221; css_animation=&#8221;fadeIn&#8221; custom_color=&#8221;#5e5e5e&#8221;][vc_column_text] R\u00e9f\u00e9rentiels [\/vc_column_text][vc_empty_space][\/vc_column][\/vc_row][vc_row][vc_column][vc_empty_space][vc_separator][vc_empty_space][vc_column_text] \u00c9DITO Le Patient Blood Management (PBM), ou \u00ab gestion personnalis\u00e9e du capital sanguin \u00bb, est recommand\u00e9 par l\u2019Organisation mondiale de la sant\u00e9. Il","_links":{"self":[{"href":"https:\/\/grace-asso.fr\/en\/wp-json\/wp\/v2\/pages\/19877","targetHints":{"allow":["GET"]}}],"collection":[{"href":"https:\/\/grace-asso.fr\/en\/wp-json\/wp\/v2\/pages"}],"about":[{"href":"https:\/\/grace-asso.fr\/en\/wp-json\/wp\/v2\/types\/page"}],"author":[{"embeddable":true,"href":"https:\/\/grace-asso.fr\/en\/wp-json\/wp\/v2\/users\/8"}],"replies":[{"embeddable":true,"href":"https:\/\/grace-asso.fr\/en\/wp-json\/wp\/v2\/comments?post=19877"}],"version-history":[{"count":2,"href":"https:\/\/grace-asso.fr\/en\/wp-json\/wp\/v2\/pages\/19877\/revisions"}],"predecessor-version":[{"id":19880,"href":"https:\/\/grace-asso.fr\/en\/wp-json\/wp\/v2\/pages\/19877\/revisions\/19880"}],"wp:attachment":[{"href":"https:\/\/grace-asso.fr\/en\/wp-json\/wp\/v2\/media?parent=19877"}],"curies":[{"name":"wp","href":"https:\/\/api.w.org\/{rel}","templated":true}]}}